{"id":146,"date":"2021-04-10T09:11:25","date_gmt":"2021-04-10T09:11:25","guid":{"rendered":"https:\/\/www.astrominddesign.at\/?page_id=146"},"modified":"2026-04-12T10:12:36","modified_gmt":"2026-04-12T10:12:36","slug":"startseite","status":"publish","type":"page","link":"https:\/\/www.astrominddesign.at\/","title":{"rendered":"DESIGN YOUR MIND"},"content":{"rendered":"\t\t<div data-elementor-type=\"wp-page\" data-elementor-id=\"146\" class=\"elementor elementor-146\">\n\t\t\t\t\t\t<section class=\"elementor-section elementor-top-section elementor-element elementor-element-197511f elementor-section-boxed elementor-section-height-default elementor-section-height-default\" data-id=\"197511f\" data-element_type=\"section\" data-e-type=\"section\">\n\t\t\t\t\t\t<div class=\"elementor-container elementor-column-gap-default\">\n\t\t\t\t\t<div class=\"elementor-column elementor-col-50 elementor-top-column elementor-element elementor-element-2c692dd\" data-id=\"2c692dd\" data-element_type=\"column\" data-e-type=\"column\">\n\t\t\t<div class=\"elementor-widget-wrap elementor-element-populated\">\n\t\t\t\t\t\t<div class=\"elementor-element elementor-element-107c1e2 elementor-blockquote--skin-quotation elementor-blockquote--align-center elementor-blockquote--button-color-official elementor-widget elementor-widget-blockquote\" data-id=\"107c1e2\" data-element_type=\"widget\" data-e-type=\"widget\" data-widget_type=\"blockquote.default\">\n\t\t\t\t<div class=\"elementor-widget-container\">\n\t\t\t\t\t\t\t<blockquote class=\"elementor-blockquote\">\n\t\t\t<p class=\"elementor-blockquote__content\">\n\t\t\t\tWir k\u00f6nnen den Wind nicht \u00e4ndern, aber die Segel richtig setzen.\t\t\t<\/p>\n\t\t\t\t\t\t\t<footer>\n\t\t\t\t\t\t\t\t\t\t\t<cite class=\"elementor-blockquote__author\">-Aristoteles<\/cite>\n\t\t\t\t\t\t\t\t\t\t\t\t\t\t<\/footer>\n\t\t\t\t\t<\/blockquote>\n\t\t\t\t\t\t<\/div>\n\t\t\t\t<\/div>\n\t\t\t\t<div class=\"elementor-element elementor-element-d0408e7 elementor-widget elementor-widget-image\" data-id=\"d0408e7\" data-element_type=\"widget\" data-e-type=\"widget\" data-widget_type=\"image.default\">\n\t\t\t\t<div class=\"elementor-widget-container\">\n\t\t\t\t\t\t\t\t\t\t\t\t\t\t\t<img fetchpriority=\"high\" decoding=\"async\" width=\"900\" height=\"600\" src=\"https:\/\/www.astrominddesign.at\/wp-content\/uploads\/2026\/04\/Bild2-900x600.jpg\" class=\"attachment-odierlite-slider-thumb size-odierlite-slider-thumb wp-image-960\" alt=\"\" srcset=\"https:\/\/www.astrominddesign.at\/wp-content\/uploads\/2026\/04\/Bild2-900x600.jpg 900w, https:\/\/www.astrominddesign.at\/wp-content\/uploads\/2026\/04\/Bild2-300x200.jpg 300w, https:\/\/www.astrominddesign.at\/wp-content\/uploads\/2026\/04\/Bild2-1024x683.jpg 1024w, https:\/\/www.astrominddesign.at\/wp-content\/uploads\/2026\/04\/Bild2-768x512.jpg 768w, https:\/\/www.astrominddesign.at\/wp-content\/uploads\/2026\/04\/Bild2-1536x1024.jpg 1536w, https:\/\/www.astrominddesign.at\/wp-content\/uploads\/2026\/04\/Bild2-650x433.jpg 650w, https:\/\/www.astrominddesign.at\/wp-content\/uploads\/2026\/04\/Bild2-440x294.jpg 440w, https:\/\/www.astrominddesign.at\/wp-content\/uploads\/2026\/04\/Bild2-600x400.jpg 600w, https:\/\/www.astrominddesign.at\/wp-content\/uploads\/2026\/04\/Bild2.jpg 1920w\" sizes=\"(max-width: 900px) 100vw, 900px\" \/>\t\t\t\t\t\t\t\t\t\t\t\t\t\t\t<\/div>\n\t\t\t\t<\/div>\n\t\t\t\t\t<\/div>\n\t\t<\/div>\n\t\t\t\t<div class=\"elementor-column elementor-col-50 elementor-top-column elementor-element elementor-element-09c75c3\" data-id=\"09c75c3\" data-element_type=\"column\" data-e-type=\"column\" data-settings=\"{&quot;background_background&quot;:&quot;classic&quot;}\">\n\t\t\t<div class=\"elementor-widget-wrap elementor-element-populated\">\n\t\t\t\t\t\t<div class=\"elementor-element elementor-element-54fe498 elementor-widget elementor-widget-image\" data-id=\"54fe498\" data-element_type=\"widget\" data-e-type=\"widget\" data-widget_type=\"image.default\">\n\t\t\t\t<div class=\"elementor-widget-container\">\n\t\t\t\t\t\t\t\t\t\t\t\t\t\t\t<img decoding=\"async\" width=\"640\" height=\"958\" src=\"https:\/\/www.astrominddesign.at\/wp-content\/uploads\/2026\/04\/Foto-Angie-1-684x1024.jpeg\" class=\"attachment-large size-large wp-image-928\" alt=\"\" srcset=\"https:\/\/www.astrominddesign.at\/wp-content\/uploads\/2026\/04\/Foto-Angie-1-684x1024.jpeg 684w, https:\/\/www.astrominddesign.at\/wp-content\/uploads\/2026\/04\/Foto-Angie-1-200x300.jpeg 200w, https:\/\/www.astrominddesign.at\/wp-content\/uploads\/2026\/04\/Foto-Angie-1-768x1151.jpeg 768w, https:\/\/www.astrominddesign.at\/wp-content\/uploads\/2026\/04\/Foto-Angie-1-1025x1536.jpeg 1025w, https:\/\/www.astrominddesign.at\/wp-content\/uploads\/2026\/04\/Foto-Angie-1-650x974.jpeg 650w, https:\/\/www.astrominddesign.at\/wp-content\/uploads\/2026\/04\/Foto-Angie-1-600x899.jpeg 600w, https:\/\/www.astrominddesign.at\/wp-content\/uploads\/2026\/04\/Foto-Angie-1.jpeg 1068w\" sizes=\"(max-width: 640px) 100vw, 640px\" \/>\t\t\t\t\t\t\t\t\t\t\t\t\t\t\t<\/div>\n\t\t\t\t<\/div>\n\t\t\t\t\t<\/div>\n\t\t<\/div>\n\t\t\t\t\t<\/div>\n\t\t<\/section>\n\t\t\t\t<section class=\"elementor-section elementor-top-section elementor-element elementor-element-778595d elementor-section-boxed elementor-section-height-default elementor-section-height-default\" data-id=\"778595d\" data-element_type=\"section\" data-e-type=\"section\">\n\t\t\t\t\t\t<div class=\"elementor-container elementor-column-gap-default\">\n\t\t\t\t\t<div class=\"elementor-column elementor-col-50 elementor-top-column elementor-element elementor-element-73c3ba5\" data-id=\"73c3ba5\" data-element_type=\"column\" data-e-type=\"column\">\n\t\t\t<div class=\"elementor-widget-wrap elementor-element-populated\">\n\t\t\t\t\t\t<div class=\"elementor-element elementor-element-f5fbe0c elementor-widget elementor-widget-text-editor\" data-id=\"f5fbe0c\" data-element_type=\"widget\" data-e-type=\"widget\" data-widget_type=\"text-editor.default\">\n\t\t\t\t<div class=\"elementor-widget-container\">\n\t\t\t\t\t\t\t\t\t<p><strong>Astrologische Beratungen bringen Klarheit f\u00fcr deinen Lebensweg<\/strong><\/p><p>Die Astrologie ist ein kraftvolles Werkzeug, um sich selbst besser zu verstehen und den eigenen Lebensweg bewusster zu gestalten. In meinen astrologischen Beratungen verbinde ich fundiertes Wissen mit meiner Intuition, um dir wertvolle Einblicke in deine Pers\u00f6nlichkeit, deine Potenziale und aktuelle Lebensphasen zu geben. Gemeinsam werfen wir einen Blick auf die Konstellationen, die dein Leben pr\u00e4gen!<\/p><p><strong>Kontakt: reichlangelika@gmail.com<\/strong><\/p><p><strong>Tel.:+4369910726941<\/strong><\/p>\t\t\t\t\t\t\t\t<\/div>\n\t\t\t\t<\/div>\n\t\t\t\t\t<\/div>\n\t\t<\/div>\n\t\t\t\t<div class=\"elementor-column elementor-col-50 elementor-top-column elementor-element elementor-element-ed89413\" data-id=\"ed89413\" data-element_type=\"column\" data-e-type=\"column\">\n\t\t\t<div class=\"elementor-widget-wrap elementor-element-populated\">\n\t\t\t\t\t\t<div class=\"elementor-element elementor-element-ecc42e9 elementor-widget elementor-widget-image\" data-id=\"ecc42e9\" data-element_type=\"widget\" data-e-type=\"widget\" data-widget_type=\"image.default\">\n\t\t\t\t<div class=\"elementor-widget-container\">\n\t\t\t\t\t\t\t\t\t\t\t\t<figure class=\"wp-caption\">\n\t\t\t\t\t\t\t\t\t\t<img decoding=\"async\" width=\"900\" height=\"600\" src=\"https:\/\/www.astrominddesign.at\/wp-content\/uploads\/2026\/04\/Foto-Angie-900x600.jpeg\" class=\"attachment-odierlite-slider-thumb size-odierlite-slider-thumb wp-image-912\" alt=\"\" srcset=\"https:\/\/www.astrominddesign.at\/wp-content\/uploads\/2026\/04\/Foto-Angie-900x600.jpeg 900w, https:\/\/www.astrominddesign.at\/wp-content\/uploads\/2026\/04\/Foto-Angie-440x294.jpeg 440w\" sizes=\"(max-width: 900px) 100vw, 900px\" \/>\t\t\t\t\t\t\t\t\t\t\t<figcaption class=\"widget-image-caption wp-caption-text\">Angelika Reichl BEd MSc<\/figcaption>\n\t\t\t\t\t\t\t\t\t\t<\/figure>\n\t\t\t\t\t\t\t\t\t<\/div>\n\t\t\t\t<\/div>\n\t\t\t\t\t<\/div>\n\t\t<\/div>\n\t\t\t\t\t<\/div>\n\t\t<\/section>\n\t\t\t\t<section class=\"elementor-section elementor-top-section elementor-element elementor-element-fb5bc76 elementor-section-boxed elementor-section-height-default elementor-section-height-default\" data-id=\"fb5bc76\" data-element_type=\"section\" data-e-type=\"section\">\n\t\t\t\t\t\t<div class=\"elementor-container elementor-column-gap-default\">\n\t\t\t\t\t<div class=\"elementor-column elementor-col-100 elementor-top-column elementor-element elementor-element-717e5a6\" data-id=\"717e5a6\" data-element_type=\"column\" data-e-type=\"column\">\n\t\t\t<div class=\"elementor-widget-wrap elementor-element-populated\">\n\t\t\t\t\t\t<div class=\"elementor-element elementor-element-87d10ec elementor-widget elementor-widget-spacer\" data-id=\"87d10ec\" data-element_type=\"widget\" data-e-type=\"widget\" data-widget_type=\"spacer.default\">\n\t\t\t\t<div class=\"elementor-widget-container\">\n\t\t\t\t\t\t\t<div class=\"elementor-spacer\">\n\t\t\t<div class=\"elementor-spacer-inner\"><\/div>\n\t\t<\/div>\n\t\t\t\t\t\t<\/div>\n\t\t\t\t<\/div>\n\t\t\t\t\t<\/div>\n\t\t<\/div>\n\t\t\t\t\t<\/div>\n\t\t<\/section>\n\t\t\t\t<\/div>\n\t\t","protected":false},"excerpt":{"rendered":"<p>Wir k\u00f6nnen den Wind nicht \u00e4ndern, aber die Segel richtig setzen. -Aristoteles Astrologische Beratungen bringen Klarheit f\u00fcr deinen Lebensweg Die Astrologie ist ein kraftvolles Werkzeug, um sich selbst besser zu verstehen und den eigenen Lebensweg bewusster zu gestalten. In meinen astrologischen Beratungen verbinde ich fundiertes Wissen mit meiner Intuition, um dir wertvolle Einblicke in deine &hellip; <\/p>\n","protected":false},"author":2,"featured_media":912,"parent":0,"menu_order":0,"comment_status":"closed","ping_status":"closed","template":"elementor_header_footer","meta":{"footnotes":""},"class_list":["post-146","page","type-page","status-publish","has-post-thumbnail","hentry"],"yoast_head":"<!-- This site is optimized with the Yoast SEO plugin v27.4 - https:\/\/yoast.com\/product\/yoast-seo-wordpress\/ -->\n<title>DESIGN YOUR MIND - astrominddesign<\/title>\n<meta name=\"robots\" content=\"index, follow, max-snippet:-1, max-image-preview:large, max-video-preview:-1\" \/>\n<link rel=\"canonical\" href=\"https:\/\/www.astrominddesign.at\/\" \/>\n<meta property=\"og:locale\" content=\"de_DE\" \/>\n<meta property=\"og:type\" content=\"article\" \/>\n<meta property=\"og:title\" content=\"DESIGN YOUR MIND - astrominddesign\" \/>\n<meta property=\"og:description\" content=\"Wir k\u00f6nnen den Wind nicht \u00e4ndern, aber die Segel richtig setzen. -Aristoteles Astrologische Beratungen bringen Klarheit f\u00fcr deinen Lebensweg Die Astrologie ist ein kraftvolles Werkzeug, um sich selbst besser zu verstehen und den eigenen Lebensweg bewusster zu gestalten. In meinen astrologischen Beratungen verbinde ich fundiertes Wissen mit meiner Intuition, um dir wertvolle Einblicke in deine &hellip;\" \/>\n<meta property=\"og:url\" content=\"https:\/\/www.astrominddesign.at\/\" \/>\n<meta property=\"og:site_name\" content=\"astrominddesign\" \/>\n<meta property=\"article:modified_time\" content=\"2026-04-12T10:12:36+00:00\" \/>\n<meta property=\"og:image\" content=\"https:\/\/www.astrominddesign.at\/wp-content\/uploads\/2026\/04\/Foto-Angie.jpeg\" \/>\n\t<meta property=\"og:image:width\" content=\"1068\" \/>\n\t<meta property=\"og:image:height\" content=\"1600\" \/>\n\t<meta property=\"og:image:type\" content=\"image\/jpeg\" \/>\n<meta name=\"twitter:card\" content=\"summary_large_image\" \/>\n<meta name=\"twitter:label1\" content=\"Gesch\u00e4tzte Lesezeit\" \/>\n\t<meta name=\"twitter:data1\" content=\"1\u00a0Minute\" \/>\n<script type=\"application\/ld+json\" class=\"yoast-schema-graph\">{\"@context\":\"https:\\\/\\\/schema.org\",\"@graph\":[{\"@type\":\"WebPage\",\"@id\":\"https:\\\/\\\/www.astrominddesign.at\\\/\",\"url\":\"https:\\\/\\\/www.astrominddesign.at\\\/\",\"name\":\"DESIGN YOUR MIND - astrominddesign\",\"isPartOf\":{\"@id\":\"https:\\\/\\\/www.astrominddesign.at\\\/#website\"},\"primaryImageOfPage\":{\"@id\":\"https:\\\/\\\/www.astrominddesign.at\\\/#primaryimage\"},\"image\":{\"@id\":\"https:\\\/\\\/www.astrominddesign.at\\\/#primaryimage\"},\"thumbnailUrl\":\"https:\\\/\\\/www.astrominddesign.at\\\/wp-content\\\/uploads\\\/2026\\\/04\\\/Foto-Angie.jpeg\",\"datePublished\":\"2021-04-10T09:11:25+00:00\",\"dateModified\":\"2026-04-12T10:12:36+00:00\",\"breadcrumb\":{\"@id\":\"https:\\\/\\\/www.astrominddesign.at\\\/#breadcrumb\"},\"inLanguage\":\"de\",\"potentialAction\":[{\"@type\":\"ReadAction\",\"target\":[\"https:\\\/\\\/www.astrominddesign.at\\\/\"]}]},{\"@type\":\"ImageObject\",\"inLanguage\":\"de\",\"@id\":\"https:\\\/\\\/www.astrominddesign.at\\\/#primaryimage\",\"url\":\"https:\\\/\\\/www.astrominddesign.at\\\/wp-content\\\/uploads\\\/2026\\\/04\\\/Foto-Angie.jpeg\",\"contentUrl\":\"https:\\\/\\\/www.astrominddesign.at\\\/wp-content\\\/uploads\\\/2026\\\/04\\\/Foto-Angie.jpeg\",\"width\":1068,\"height\":1600,\"caption\":\"Angelika Reichl, MSc BEd\"},{\"@type\":\"BreadcrumbList\",\"@id\":\"https:\\\/\\\/www.astrominddesign.at\\\/#breadcrumb\",\"itemListElement\":[{\"@type\":\"ListItem\",\"position\":1,\"name\":\"Startseite\",\"item\":\"https:\\\/\\\/www.astrominddesign.at\\\/\"},{\"@type\":\"ListItem\",\"position\":2,\"name\":\"DESIGN YOUR MIND\"}]},{\"@type\":\"WebSite\",\"@id\":\"https:\\\/\\\/www.astrominddesign.at\\\/#website\",\"url\":\"https:\\\/\\\/www.astrominddesign.at\\\/\",\"name\":\"astrominddesign\",\"description\":\"Astrologische Beratung, Resilienz- und Bewusstheitstraining\",\"potentialAction\":[{\"@type\":\"SearchAction\",\"target\":{\"@type\":\"EntryPoint\",\"urlTemplate\":\"https:\\\/\\\/www.astrominddesign.at\\\/?s={search_term_string}\"},\"query-input\":{\"@type\":\"PropertyValueSpecification\",\"valueRequired\":true,\"valueName\":\"search_term_string\"}}],\"inLanguage\":\"de\"}]}<\/script>\n<!-- \/ Yoast SEO plugin. -->","yoast_head_json":{"title":"DESIGN YOUR MIND - astrominddesign","robots":{"index":"index","follow":"follow","max-snippet":"max-snippet:-1","max-image-preview":"max-image-preview:large","max-video-preview":"max-video-preview:-1"},"canonical":"https:\/\/www.astrominddesign.at\/","og_locale":"de_DE","og_type":"article","og_title":"DESIGN YOUR MIND - astrominddesign","og_description":"Wir k\u00f6nnen den Wind nicht \u00e4ndern, aber die Segel richtig setzen. -Aristoteles Astrologische Beratungen bringen Klarheit f\u00fcr deinen Lebensweg Die Astrologie ist ein kraftvolles Werkzeug, um sich selbst besser zu verstehen und den eigenen Lebensweg bewusster zu gestalten. In meinen astrologischen Beratungen verbinde ich fundiertes Wissen mit meiner Intuition, um dir wertvolle Einblicke in deine &hellip;","og_url":"https:\/\/www.astrominddesign.at\/","og_site_name":"astrominddesign","article_modified_time":"2026-04-12T10:12:36+00:00","og_image":[{"width":1068,"height":1600,"url":"https:\/\/www.astrominddesign.at\/wp-content\/uploads\/2026\/04\/Foto-Angie.jpeg","type":"image\/jpeg"}],"twitter_card":"summary_large_image","twitter_misc":{"Gesch\u00e4tzte Lesezeit":"1\u00a0Minute"},"schema":{"@context":"https:\/\/schema.org","@graph":[{"@type":"WebPage","@id":"https:\/\/www.astrominddesign.at\/","url":"https:\/\/www.astrominddesign.at\/","name":"DESIGN YOUR MIND - astrominddesign","isPartOf":{"@id":"https:\/\/www.astrominddesign.at\/#website"},"primaryImageOfPage":{"@id":"https:\/\/www.astrominddesign.at\/#primaryimage"},"image":{"@id":"https:\/\/www.astrominddesign.at\/#primaryimage"},"thumbnailUrl":"https:\/\/www.astrominddesign.at\/wp-content\/uploads\/2026\/04\/Foto-Angie.jpeg","datePublished":"2021-04-10T09:11:25+00:00","dateModified":"2026-04-12T10:12:36+00:00","breadcrumb":{"@id":"https:\/\/www.astrominddesign.at\/#breadcrumb"},"inLanguage":"de","potentialAction":[{"@type":"ReadAction","target":["https:\/\/www.astrominddesign.at\/"]}]},{"@type":"ImageObject","inLanguage":"de","@id":"https:\/\/www.astrominddesign.at\/#primaryimage","url":"https:\/\/www.astrominddesign.at\/wp-content\/uploads\/2026\/04\/Foto-Angie.jpeg","contentUrl":"https:\/\/www.astrominddesign.at\/wp-content\/uploads\/2026\/04\/Foto-Angie.jpeg","width":1068,"height":1600,"caption":"Angelika Reichl, MSc BEd"},{"@type":"BreadcrumbList","@id":"https:\/\/www.astrominddesign.at\/#breadcrumb","itemListElement":[{"@type":"ListItem","position":1,"name":"Startseite","item":"https:\/\/www.astrominddesign.at\/"},{"@type":"ListItem","position":2,"name":"DESIGN YOUR MIND"}]},{"@type":"WebSite","@id":"https:\/\/www.astrominddesign.at\/#website","url":"https:\/\/www.astrominddesign.at\/","name":"astrominddesign","description":"Astrologische Beratung, Resilienz- und Bewusstheitstraining","potentialAction":[{"@type":"SearchAction","target":{"@type":"EntryPoint","urlTemplate":"https:\/\/www.astrominddesign.at\/?s={search_term_string}"},"query-input":{"@type":"PropertyValueSpecification","valueRequired":true,"valueName":"search_term_string"}}],"inLanguage":"de"}]}},"_links":{"self":[{"href":"https:\/\/www.astrominddesign.at\/index.php?rest_route=\/wp\/v2\/pages\/146","targetHints":{"allow":["GET"]}}],"collection":[{"href":"https:\/\/www.astrominddesign.at\/index.php?rest_route=\/wp\/v2\/pages"}],"about":[{"href":"https:\/\/www.astrominddesign.at\/index.php?rest_route=\/wp\/v2\/types\/page"}],"author":[{"embeddable":true,"href":"https:\/\/www.astrominddesign.at\/index.php?rest_route=\/wp\/v2\/users\/2"}],"replies":[{"embeddable":true,"href":"https:\/\/www.astrominddesign.at\/index.php?rest_route=%2Fwp%2Fv2%2Fcomments&post=146"}],"version-history":[{"count":154,"href":"https:\/\/www.astrominddesign.at\/index.php?rest_route=\/wp\/v2\/pages\/146\/revisions"}],"predecessor-version":[{"id":963,"href":"https:\/\/www.astrominddesign.at\/index.php?rest_route=\/wp\/v2\/pages\/146\/revisions\/963"}],"wp:featuredmedia":[{"embeddable":true,"href":"https:\/\/www.astrominddesign.at\/index.php?rest_route=\/wp\/v2\/media\/912"}],"wp:attachment":[{"href":"https:\/\/www.astrominddesign.at\/index.php?rest_route=%2Fwp%2Fv2%2Fmedia&parent=146"}],"curies":[{"name":"wp","href":"https:\/\/api.w.org\/{rel}","templated":true}]}}