{"id":25,"date":"2021-03-06T15:03:18","date_gmt":"2021-03-06T15:03:18","guid":{"rendered":"https:\/\/www.astrominddesign.at\/?page_id=25"},"modified":"2026-04-11T07:18:12","modified_gmt":"2026-04-11T07:18:12","slug":"shop","status":"publish","type":"page","link":"https:\/\/www.astrominddesign.at\/?page_id=25","title":{"rendered":"Angebote"},"content":{"rendered":"\t\t<div data-elementor-type=\"wp-page\" data-elementor-id=\"25\" class=\"elementor elementor-25\">\n\t\t\t\t\t\t<section class=\"elementor-section elementor-top-section elementor-element elementor-element-92645e8 elementor-section-boxed elementor-section-height-default elementor-section-height-default\" data-id=\"92645e8\" data-element_type=\"section\" data-e-type=\"section\">\n\t\t\t\t\t\t<div class=\"elementor-container elementor-column-gap-default\">\n\t\t\t\t\t<div class=\"elementor-column elementor-col-100 elementor-top-column elementor-element elementor-element-fd57739\" data-id=\"fd57739\" data-element_type=\"column\" data-e-type=\"column\">\n\t\t\t<div class=\"elementor-widget-wrap elementor-element-populated\">\n\t\t\t\t\t\t<div class=\"elementor-element elementor-element-add6b26 elementor-widget elementor-widget-text-editor\" data-id=\"add6b26\" data-element_type=\"widget\" data-e-type=\"widget\" data-widget_type=\"text-editor.default\">\n\t\t\t\t<div class=\"elementor-widget-container\">\n\t\t\t\t\t\t\t\t\t<h4>Alle Beratungen finden analog oder auf Wunsch digital statt. Du erh\u00e4ltst nach deinem Einkauf einen Link f\u00fcr Teams zugeschickt oder du triffst deine Auswahl f\u00fcr einen WhatsApp Videocall.<\/h4>\t\t\t\t\t\t\t\t<\/div>\n\t\t\t\t<\/div>\n\t\t\t\t\t<\/div>\n\t\t<\/div>\n\t\t\t\t\t<\/div>\n\t\t<\/section>\n\t\t\t\t<\/div>\n\t\t","protected":false},"excerpt":{"rendered":"<p>Alle Beratungen finden analog oder auf Wunsch digital statt. Du erh\u00e4ltst nach deinem Einkauf einen Link f\u00fcr Teams zugeschickt oder du triffst deine Auswahl f\u00fcr einen WhatsApp Videocall.<\/p>\n","protected":false},"author":2,"featured_media":0,"parent":0,"menu_order":0,"comment_status":"closed","ping_status":"closed","template":"elementor_header_footer","meta":{"footnotes":""},"class_list":["post-25","page","type-page","status-publish","hentry"],"yoast_head":"<!-- This site is optimized with the Yoast SEO plugin v27.4 - https:\/\/yoast.com\/product\/yoast-seo-wordpress\/ -->\n<title>Angebote - astrominddesign<\/title>\n<meta name=\"robots\" content=\"index, follow, max-snippet:-1, max-image-preview:large, max-video-preview:-1\" \/>\n<link rel=\"canonical\" href=\"https:\/\/www.astrominddesign.at\/?page_id=25\" \/>\n<meta property=\"og:locale\" content=\"de_DE\" \/>\n<meta property=\"og:type\" content=\"article\" \/>\n<meta property=\"og:title\" content=\"Angebote - astrominddesign\" \/>\n<meta property=\"og:description\" content=\"Alle Beratungen finden analog oder auf Wunsch digital statt. Du erh\u00e4ltst nach deinem Einkauf einen Link f\u00fcr Teams zugeschickt oder du triffst deine Auswahl f\u00fcr einen WhatsApp Videocall.\" \/>\n<meta property=\"og:url\" content=\"https:\/\/www.astrominddesign.at\/?page_id=25\" \/>\n<meta property=\"og:site_name\" content=\"astrominddesign\" \/>\n<meta property=\"article:modified_time\" content=\"2026-04-11T07:18:12+00:00\" \/>\n<meta name=\"twitter:card\" content=\"summary_large_image\" \/>\n<meta name=\"twitter:label1\" content=\"Gesch\u00e4tzte Lesezeit\" \/>\n\t<meta name=\"twitter:data1\" content=\"1\u00a0Minute\" \/>\n<script type=\"application\/ld+json\" class=\"yoast-schema-graph\">{\"@context\":\"https:\\\/\\\/schema.org\",\"@graph\":[{\"@type\":\"WebPage\",\"@id\":\"https:\\\/\\\/www.astrominddesign.at\\\/?page_id=25\",\"url\":\"https:\\\/\\\/www.astrominddesign.at\\\/?page_id=25\",\"name\":\"Angebote - astrominddesign\",\"isPartOf\":{\"@id\":\"https:\\\/\\\/www.astrominddesign.at\\\/#website\"},\"datePublished\":\"2021-03-06T15:03:18+00:00\",\"dateModified\":\"2026-04-11T07:18:12+00:00\",\"breadcrumb\":{\"@id\":\"https:\\\/\\\/www.astrominddesign.at\\\/?page_id=25#breadcrumb\"},\"inLanguage\":\"de\",\"potentialAction\":[{\"@type\":\"ReadAction\",\"target\":[\"https:\\\/\\\/www.astrominddesign.at\\\/?page_id=25\"]}]},{\"@type\":\"BreadcrumbList\",\"@id\":\"https:\\\/\\\/www.astrominddesign.at\\\/?page_id=25#breadcrumb\",\"itemListElement\":[{\"@type\":\"ListItem\",\"position\":1,\"name\":\"Startseite\",\"item\":\"https:\\\/\\\/www.astrominddesign.at\\\/\"},{\"@type\":\"ListItem\",\"position\":2,\"name\":\"Angebote\"}]},{\"@type\":\"WebSite\",\"@id\":\"https:\\\/\\\/www.astrominddesign.at\\\/#website\",\"url\":\"https:\\\/\\\/www.astrominddesign.at\\\/\",\"name\":\"astrominddesign\",\"description\":\"Astrologische Beratung, Resilienz- und Bewusstheitstraining\",\"potentialAction\":[{\"@type\":\"SearchAction\",\"target\":{\"@type\":\"EntryPoint\",\"urlTemplate\":\"https:\\\/\\\/www.astrominddesign.at\\\/?s={search_term_string}\"},\"query-input\":{\"@type\":\"PropertyValueSpecification\",\"valueRequired\":true,\"valueName\":\"search_term_string\"}}],\"inLanguage\":\"de\"}]}<\/script>\n<!-- \/ Yoast SEO plugin. -->","yoast_head_json":{"title":"Angebote - astrominddesign","robots":{"index":"index","follow":"follow","max-snippet":"max-snippet:-1","max-image-preview":"max-image-preview:large","max-video-preview":"max-video-preview:-1"},"canonical":"https:\/\/www.astrominddesign.at\/?page_id=25","og_locale":"de_DE","og_type":"article","og_title":"Angebote - astrominddesign","og_description":"Alle Beratungen finden analog oder auf Wunsch digital statt. Du erh\u00e4ltst nach deinem Einkauf einen Link f\u00fcr Teams zugeschickt oder du triffst deine Auswahl f\u00fcr einen WhatsApp Videocall.","og_url":"https:\/\/www.astrominddesign.at\/?page_id=25","og_site_name":"astrominddesign","article_modified_time":"2026-04-11T07:18:12+00:00","twitter_card":"summary_large_image","twitter_misc":{"Gesch\u00e4tzte Lesezeit":"1\u00a0Minute"},"schema":{"@context":"https:\/\/schema.org","@graph":[{"@type":"WebPage","@id":"https:\/\/www.astrominddesign.at\/?page_id=25","url":"https:\/\/www.astrominddesign.at\/?page_id=25","name":"Angebote - astrominddesign","isPartOf":{"@id":"https:\/\/www.astrominddesign.at\/#website"},"datePublished":"2021-03-06T15:03:18+00:00","dateModified":"2026-04-11T07:18:12+00:00","breadcrumb":{"@id":"https:\/\/www.astrominddesign.at\/?page_id=25#breadcrumb"},"inLanguage":"de","potentialAction":[{"@type":"ReadAction","target":["https:\/\/www.astrominddesign.at\/?page_id=25"]}]},{"@type":"BreadcrumbList","@id":"https:\/\/www.astrominddesign.at\/?page_id=25#breadcrumb","itemListElement":[{"@type":"ListItem","position":1,"name":"Startseite","item":"https:\/\/www.astrominddesign.at\/"},{"@type":"ListItem","position":2,"name":"Angebote"}]},{"@type":"WebSite","@id":"https:\/\/www.astrominddesign.at\/#website","url":"https:\/\/www.astrominddesign.at\/","name":"astrominddesign","description":"Astrologische Beratung, Resilienz- und Bewusstheitstraining","potentialAction":[{"@type":"SearchAction","target":{"@type":"EntryPoint","urlTemplate":"https:\/\/www.astrominddesign.at\/?s={search_term_string}"},"query-input":{"@type":"PropertyValueSpecification","valueRequired":true,"valueName":"search_term_string"}}],"inLanguage":"de"}]}},"_links":{"self":[{"href":"https:\/\/www.astrominddesign.at\/index.php?rest_route=\/wp\/v2\/pages\/25","targetHints":{"allow":["GET"]}}],"collection":[{"href":"https:\/\/www.astrominddesign.at\/index.php?rest_route=\/wp\/v2\/pages"}],"about":[{"href":"https:\/\/www.astrominddesign.at\/index.php?rest_route=\/wp\/v2\/types\/page"}],"author":[{"embeddable":true,"href":"https:\/\/www.astrominddesign.at\/index.php?rest_route=\/wp\/v2\/users\/2"}],"replies":[{"embeddable":true,"href":"https:\/\/www.astrominddesign.at\/index.php?rest_route=%2Fwp%2Fv2%2Fcomments&post=25"}],"version-history":[{"count":21,"href":"https:\/\/www.astrominddesign.at\/index.php?rest_route=\/wp\/v2\/pages\/25\/revisions"}],"predecessor-version":[{"id":923,"href":"https:\/\/www.astrominddesign.at\/index.php?rest_route=\/wp\/v2\/pages\/25\/revisions\/923"}],"wp:attachment":[{"href":"https:\/\/www.astrominddesign.at\/index.php?rest_route=%2Fwp%2Fv2%2Fmedia&parent=25"}],"curies":[{"name":"wp","href":"https:\/\/api.w.org\/{rel}","templated":true}]}}