{"id":355,"date":"2021-05-12T13:29:09","date_gmt":"2021-05-12T13:29:09","guid":{"rendered":"https:\/\/astrominddesign.at\/?page_id=355"},"modified":"2021-06-03T06:43:08","modified_gmt":"2021-06-03T06:43:08","slug":"disclaimer","status":"publish","type":"page","link":"https:\/\/www.astrominddesign.at\/?page_id=355","title":{"rendered":"Disclaimer"},"content":{"rendered":"\t\t<div data-elementor-type=\"wp-page\" data-elementor-id=\"355\" class=\"elementor elementor-355\">\n\t\t\t\t\t\t<section class=\"elementor-section elementor-top-section elementor-element elementor-element-13ce6a6 elementor-section-boxed elementor-section-height-default elementor-section-height-default\" data-id=\"13ce6a6\" data-element_type=\"section\" data-e-type=\"section\">\n\t\t\t\t\t\t<div class=\"elementor-container elementor-column-gap-default\">\n\t\t\t\t\t<div class=\"elementor-column elementor-col-100 elementor-top-column elementor-element elementor-element-f0758cd\" data-id=\"f0758cd\" data-element_type=\"column\" data-e-type=\"column\">\n\t\t\t<div class=\"elementor-widget-wrap elementor-element-populated\">\n\t\t\t\t\t\t<div class=\"elementor-element elementor-element-f108516 elementor-widget elementor-widget-heading\" data-id=\"f108516\" data-element_type=\"widget\" data-e-type=\"widget\" data-widget_type=\"heading.default\">\n\t\t\t\t<div class=\"elementor-widget-container\">\n\t\t\t\t\t<h2 class=\"elementor-heading-title elementor-size-default\">Storno<\/h2>\t\t\t\t<\/div>\n\t\t\t\t<\/div>\n\t\t\t\t<div class=\"elementor-element elementor-element-ecfae0f elementor-widget elementor-widget-text-editor\" data-id=\"ecfae0f\" data-element_type=\"widget\" data-e-type=\"widget\" data-widget_type=\"text-editor.default\">\n\t\t\t\t<div class=\"elementor-widget-container\">\n\t\t\t\t\t\t\t\t\t<p>Wenn ich verhindert bin, versuche ich immer, einen Ersatztermin zu finden. Wenn dieser Vorgang nicht erfolgreich ist, bitte ich Sie um Ihr Verst\u00e4ndnis. Die folgenden Stornierungsbedingungen gelten f\u00fcr die vereinbarten Bedingungen. Dies bedeutet, dass Sie nach Ablauf der Stornierungsfrist belastet werden.<\/p><p><strong>PDF:<\/strong> Stornofrist von 2 Wochen.<\/p><p><strong>Beratungen:<\/strong> Diese werden \u00fcber den Online Shop gebucht und es gilt die allgemeine Regelung zum R\u00fccktritt binnen 2 Wochen ab Kauf.<\/p>\t\t\t\t\t\t\t\t<\/div>\n\t\t\t\t<\/div>\n\t\t\t\t<div class=\"elementor-element elementor-element-41cf604 elementor-widget elementor-widget-heading\" data-id=\"41cf604\" data-element_type=\"widget\" data-e-type=\"widget\" data-widget_type=\"heading.default\">\n\t\t\t\t<div class=\"elementor-widget-container\">\n\t\t\t\t\t<h2 class=\"elementor-heading-title elementor-size-default\">R\u00fccktritt<\/h2>\t\t\t\t<\/div>\n\t\t\t\t<\/div>\n\t\t\t\t<div class=\"elementor-element elementor-element-2716a8a elementor-widget elementor-widget-text-editor\" data-id=\"2716a8a\" data-element_type=\"widget\" data-e-type=\"widget\" data-widget_type=\"text-editor.default\">\n\t\t\t\t<div class=\"elementor-widget-container\">\n\t\t\t\t\t\t\t\t\t<p>Im Rahmen einer Zoom-Beratung mit pers\u00f6nlicher Teilnahme k\u00f6nnen Sie 24 Stunden vor Beginn per E-Mail stornieren. Der gezahlte Betrag wird zur\u00fcckerstattet.<\/p>\t\t\t\t\t\t\t\t<\/div>\n\t\t\t\t<\/div>\n\t\t\t\t\t<\/div>\n\t\t<\/div>\n\t\t\t\t\t<\/div>\n\t\t<\/section>\n\t\t\t\t<section class=\"elementor-section elementor-top-section elementor-element elementor-element-8cdd10d elementor-section-boxed elementor-section-height-default elementor-section-height-default\" data-id=\"8cdd10d\" data-element_type=\"section\" data-e-type=\"section\">\n\t\t\t\t\t\t<div class=\"elementor-container elementor-column-gap-default\">\n\t\t\t\t\t<div class=\"elementor-column elementor-col-100 elementor-top-column elementor-element elementor-element-7de27d4\" data-id=\"7de27d4\" data-element_type=\"column\" data-e-type=\"column\">\n\t\t\t<div class=\"elementor-widget-wrap elementor-element-populated\">\n\t\t\t\t\t\t<div class=\"elementor-element elementor-element-dd74350 elementor-widget elementor-widget-heading\" data-id=\"dd74350\" data-element_type=\"widget\" data-e-type=\"widget\" data-widget_type=\"heading.default\">\n\t\t\t\t<div class=\"elementor-widget-container\">\n\t\t\t\t\t<h2 class=\"elementor-heading-title elementor-size-default\">Diskretion<\/h2>\t\t\t\t<\/div>\n\t\t\t\t<\/div>\n\t\t\t\t\t<\/div>\n\t\t<\/div>\n\t\t\t\t\t<\/div>\n\t\t<\/section>\n\t\t\t\t<section class=\"elementor-section elementor-top-section elementor-element elementor-element-392bf7f elementor-section-boxed elementor-section-height-default elementor-section-height-default\" data-id=\"392bf7f\" data-element_type=\"section\" data-e-type=\"section\">\n\t\t\t\t\t\t<div class=\"elementor-container elementor-column-gap-default\">\n\t\t\t\t\t<div class=\"elementor-column elementor-col-100 elementor-top-column elementor-element elementor-element-de0630e\" data-id=\"de0630e\" data-element_type=\"column\" data-e-type=\"column\">\n\t\t\t<div class=\"elementor-widget-wrap elementor-element-populated\">\n\t\t\t\t\t\t<div class=\"elementor-element elementor-element-1cfcdd7 elementor-widget elementor-widget-text-editor\" data-id=\"1cfcdd7\" data-element_type=\"widget\" data-e-type=\"widget\" data-widget_type=\"text-editor.default\">\n\t\t\t\t<div class=\"elementor-widget-container\">\n\t\t\t\t\t\t\t\t\t<p>Die im Zusammenhang mit Coaching und Beratung bekannten Inhalte werden mit strengster Diskretion und Vertraulichkeit gesch\u00fctzt und niemals an Dritte weitergegeben.<\/p><p>Ebenso darf das Geburtsdatum Dritter ohne seine ausdr\u00fcckliche Zustimmung nicht verwendet werden. Angelika Reichl verspricht, die uneingeschr\u00e4nkte Vertraulichkeit Dritter f\u00fcr alle gesch\u00e4ftlichen, gesch\u00e4ftlichen und privaten Angelegenheiten bekannter Kunden w\u00e4hrend der Veranstaltung auch nach Beendigung der Zusammenarbeit zu wahren.<\/p><p>Dar\u00fcber hinaus verspricht Angelika Reichl, die bereitgestellten Dokumente zur Konsultation (z. B. Aufzeichnung) sorgf\u00e4ltig aufzubewahren und vor Dritten zu sch\u00fctzen.<\/p>\t\t\t\t\t\t\t\t<\/div>\n\t\t\t\t<\/div>\n\t\t\t\t\t<\/div>\n\t\t<\/div>\n\t\t\t\t\t<\/div>\n\t\t<\/section>\n\t\t\t\t<section class=\"elementor-section elementor-top-section elementor-element elementor-element-f381e80 elementor-section-boxed elementor-section-height-default elementor-section-height-default\" data-id=\"f381e80\" data-element_type=\"section\" data-e-type=\"section\">\n\t\t\t\t\t\t<div class=\"elementor-container elementor-column-gap-default\">\n\t\t\t\t\t<div class=\"elementor-column elementor-col-100 elementor-top-column elementor-element elementor-element-1be05c6\" data-id=\"1be05c6\" data-element_type=\"column\" data-e-type=\"column\">\n\t\t\t<div class=\"elementor-widget-wrap elementor-element-populated\">\n\t\t\t\t\t\t<div class=\"elementor-element elementor-element-a2edac1 elementor-widget elementor-widget-heading\" data-id=\"a2edac1\" data-element_type=\"widget\" data-e-type=\"widget\" data-widget_type=\"heading.default\">\n\t\t\t\t<div class=\"elementor-widget-container\">\n\t\t\t\t\t<h2 class=\"elementor-heading-title elementor-size-default\">Disclaimer<\/h2>\t\t\t\t<\/div>\n\t\t\t\t<\/div>\n\t\t\t\t\t<\/div>\n\t\t<\/div>\n\t\t\t\t\t<\/div>\n\t\t<\/section>\n\t\t\t\t<section class=\"elementor-section elementor-top-section elementor-element elementor-element-2f09fd0 elementor-section-boxed elementor-section-height-default elementor-section-height-default\" data-id=\"2f09fd0\" data-element_type=\"section\" data-e-type=\"section\">\n\t\t\t\t\t\t<div class=\"elementor-container elementor-column-gap-default\">\n\t\t\t\t\t<div class=\"elementor-column elementor-col-100 elementor-top-column elementor-element elementor-element-5f1594e\" data-id=\"5f1594e\" data-element_type=\"column\" data-e-type=\"column\">\n\t\t\t<div class=\"elementor-widget-wrap elementor-element-populated\">\n\t\t\t\t\t\t<div class=\"elementor-element elementor-element-2b3da09 elementor-widget elementor-widget-text-editor\" data-id=\"2b3da09\" data-element_type=\"widget\" data-e-type=\"widget\" data-widget_type=\"text-editor.default\">\n\t\t\t\t<div class=\"elementor-widget-container\">\n\t\t\t\t\t\t\t\t\t<p>Die angebotenen Beratungen ersetzen keine \u00e4rztliche Behandlung. F\u00fcr alle Aussagen im Zusammenhang mit dem Geburtshoroskop \u00fcbernehme ich keinerlei Haftung.<\/p>\t\t\t\t\t\t\t\t<\/div>\n\t\t\t\t<\/div>\n\t\t\t\t\t<\/div>\n\t\t<\/div>\n\t\t\t\t\t<\/div>\n\t\t<\/section>\n\t\t\t\t<\/div>\n\t\t","protected":false},"excerpt":{"rendered":"<p>Storno Wenn ich verhindert bin, versuche ich immer, einen Ersatztermin zu finden. Wenn dieser Vorgang nicht erfolgreich ist, bitte ich Sie um Ihr Verst\u00e4ndnis. Die folgenden Stornierungsbedingungen gelten f\u00fcr die vereinbarten Bedingungen. Dies bedeutet, dass Sie nach Ablauf der Stornierungsfrist belastet werden. PDF: Stornofrist von 2 Wochen. Beratungen: Diese werden \u00fcber den Online Shop gebucht &hellip; <\/p>\n","protected":false},"author":2,"featured_media":0,"parent":0,"menu_order":0,"comment_status":"closed","ping_status":"closed","template":"elementor_header_footer","meta":{"footnotes":""},"class_list":["post-355","page","type-page","status-publish","hentry"],"yoast_head":"<!-- This site is optimized with the Yoast SEO plugin v27.4 - https:\/\/yoast.com\/product\/yoast-seo-wordpress\/ -->\n<title>Disclaimer - astrominddesign<\/title>\n<meta name=\"robots\" content=\"index, follow, max-snippet:-1, max-image-preview:large, max-video-preview:-1\" \/>\n<link rel=\"canonical\" href=\"https:\/\/www.astrominddesign.at\/?page_id=355\" \/>\n<meta property=\"og:locale\" content=\"de_DE\" \/>\n<meta property=\"og:type\" content=\"article\" \/>\n<meta property=\"og:title\" content=\"Disclaimer - astrominddesign\" \/>\n<meta property=\"og:description\" content=\"Storno Wenn ich verhindert bin, versuche ich immer, einen Ersatztermin zu finden. Wenn dieser Vorgang nicht erfolgreich ist, bitte ich Sie um Ihr Verst\u00e4ndnis. Die folgenden Stornierungsbedingungen gelten f\u00fcr die vereinbarten Bedingungen. Dies bedeutet, dass Sie nach Ablauf der Stornierungsfrist belastet werden. PDF: Stornofrist von 2 Wochen. Beratungen: Diese werden \u00fcber den Online Shop gebucht &hellip;\" \/>\n<meta property=\"og:url\" content=\"https:\/\/www.astrominddesign.at\/?page_id=355\" \/>\n<meta property=\"og:site_name\" content=\"astrominddesign\" \/>\n<meta property=\"article:modified_time\" content=\"2021-06-03T06:43:08+00:00\" \/>\n<meta name=\"twitter:card\" content=\"summary_large_image\" \/>\n<meta name=\"twitter:label1\" content=\"Gesch\u00e4tzte Lesezeit\" \/>\n\t<meta name=\"twitter:data1\" content=\"1\u00a0Minute\" \/>\n<script type=\"application\/ld+json\" class=\"yoast-schema-graph\">{\"@context\":\"https:\\\/\\\/schema.org\",\"@graph\":[{\"@type\":\"WebPage\",\"@id\":\"https:\\\/\\\/www.astrominddesign.at\\\/?page_id=355\",\"url\":\"https:\\\/\\\/www.astrominddesign.at\\\/?page_id=355\",\"name\":\"Disclaimer - astrominddesign\",\"isPartOf\":{\"@id\":\"https:\\\/\\\/www.astrominddesign.at\\\/#website\"},\"datePublished\":\"2021-05-12T13:29:09+00:00\",\"dateModified\":\"2021-06-03T06:43:08+00:00\",\"breadcrumb\":{\"@id\":\"https:\\\/\\\/www.astrominddesign.at\\\/?page_id=355#breadcrumb\"},\"inLanguage\":\"de\",\"potentialAction\":[{\"@type\":\"ReadAction\",\"target\":[\"https:\\\/\\\/www.astrominddesign.at\\\/?page_id=355\"]}]},{\"@type\":\"BreadcrumbList\",\"@id\":\"https:\\\/\\\/www.astrominddesign.at\\\/?page_id=355#breadcrumb\",\"itemListElement\":[{\"@type\":\"ListItem\",\"position\":1,\"name\":\"Startseite\",\"item\":\"https:\\\/\\\/www.astrominddesign.at\\\/\"},{\"@type\":\"ListItem\",\"position\":2,\"name\":\"Disclaimer\"}]},{\"@type\":\"WebSite\",\"@id\":\"https:\\\/\\\/www.astrominddesign.at\\\/#website\",\"url\":\"https:\\\/\\\/www.astrominddesign.at\\\/\",\"name\":\"astrominddesign\",\"description\":\"Astrologische Beratung, Resilienz- und Bewusstheitstraining\",\"potentialAction\":[{\"@type\":\"SearchAction\",\"target\":{\"@type\":\"EntryPoint\",\"urlTemplate\":\"https:\\\/\\\/www.astrominddesign.at\\\/?s={search_term_string}\"},\"query-input\":{\"@type\":\"PropertyValueSpecification\",\"valueRequired\":true,\"valueName\":\"search_term_string\"}}],\"inLanguage\":\"de\"}]}<\/script>\n<!-- \/ Yoast SEO plugin. -->","yoast_head_json":{"title":"Disclaimer - astrominddesign","robots":{"index":"index","follow":"follow","max-snippet":"max-snippet:-1","max-image-preview":"max-image-preview:large","max-video-preview":"max-video-preview:-1"},"canonical":"https:\/\/www.astrominddesign.at\/?page_id=355","og_locale":"de_DE","og_type":"article","og_title":"Disclaimer - astrominddesign","og_description":"Storno Wenn ich verhindert bin, versuche ich immer, einen Ersatztermin zu finden. Wenn dieser Vorgang nicht erfolgreich ist, bitte ich Sie um Ihr Verst\u00e4ndnis. Die folgenden Stornierungsbedingungen gelten f\u00fcr die vereinbarten Bedingungen. Dies bedeutet, dass Sie nach Ablauf der Stornierungsfrist belastet werden. PDF: Stornofrist von 2 Wochen. Beratungen: Diese werden \u00fcber den Online Shop gebucht &hellip;","og_url":"https:\/\/www.astrominddesign.at\/?page_id=355","og_site_name":"astrominddesign","article_modified_time":"2021-06-03T06:43:08+00:00","twitter_card":"summary_large_image","twitter_misc":{"Gesch\u00e4tzte Lesezeit":"1\u00a0Minute"},"schema":{"@context":"https:\/\/schema.org","@graph":[{"@type":"WebPage","@id":"https:\/\/www.astrominddesign.at\/?page_id=355","url":"https:\/\/www.astrominddesign.at\/?page_id=355","name":"Disclaimer - astrominddesign","isPartOf":{"@id":"https:\/\/www.astrominddesign.at\/#website"},"datePublished":"2021-05-12T13:29:09+00:00","dateModified":"2021-06-03T06:43:08+00:00","breadcrumb":{"@id":"https:\/\/www.astrominddesign.at\/?page_id=355#breadcrumb"},"inLanguage":"de","potentialAction":[{"@type":"ReadAction","target":["https:\/\/www.astrominddesign.at\/?page_id=355"]}]},{"@type":"BreadcrumbList","@id":"https:\/\/www.astrominddesign.at\/?page_id=355#breadcrumb","itemListElement":[{"@type":"ListItem","position":1,"name":"Startseite","item":"https:\/\/www.astrominddesign.at\/"},{"@type":"ListItem","position":2,"name":"Disclaimer"}]},{"@type":"WebSite","@id":"https:\/\/www.astrominddesign.at\/#website","url":"https:\/\/www.astrominddesign.at\/","name":"astrominddesign","description":"Astrologische Beratung, Resilienz- und Bewusstheitstraining","potentialAction":[{"@type":"SearchAction","target":{"@type":"EntryPoint","urlTemplate":"https:\/\/www.astrominddesign.at\/?s={search_term_string}"},"query-input":{"@type":"PropertyValueSpecification","valueRequired":true,"valueName":"search_term_string"}}],"inLanguage":"de"}]}},"_links":{"self":[{"href":"https:\/\/www.astrominddesign.at\/index.php?rest_route=\/wp\/v2\/pages\/355","targetHints":{"allow":["GET"]}}],"collection":[{"href":"https:\/\/www.astrominddesign.at\/index.php?rest_route=\/wp\/v2\/pages"}],"about":[{"href":"https:\/\/www.astrominddesign.at\/index.php?rest_route=\/wp\/v2\/types\/page"}],"author":[{"embeddable":true,"href":"https:\/\/www.astrominddesign.at\/index.php?rest_route=\/wp\/v2\/users\/2"}],"replies":[{"embeddable":true,"href":"https:\/\/www.astrominddesign.at\/index.php?rest_route=%2Fwp%2Fv2%2Fcomments&post=355"}],"version-history":[{"count":8,"href":"https:\/\/www.astrominddesign.at\/index.php?rest_route=\/wp\/v2\/pages\/355\/revisions"}],"predecessor-version":[{"id":615,"href":"https:\/\/www.astrominddesign.at\/index.php?rest_route=\/wp\/v2\/pages\/355\/revisions\/615"}],"wp:attachment":[{"href":"https:\/\/www.astrominddesign.at\/index.php?rest_route=%2Fwp%2Fv2%2Fmedia&parent=355"}],"curies":[{"name":"wp","href":"https:\/\/api.w.org\/{rel}","templated":true}]}}