{"id":42,"date":"2021-03-06T15:27:22","date_gmt":"2021-03-06T15:27:22","guid":{"rendered":"https:\/\/www.astrominddesign.at\/?page_id=42"},"modified":"2021-06-03T06:29:36","modified_gmt":"2021-06-03T06:29:36","slug":"astrologie","status":"publish","type":"page","link":"https:\/\/www.astrominddesign.at\/?page_id=42","title":{"rendered":"Astrologie"},"content":{"rendered":"\t\t<div data-elementor-type=\"wp-page\" data-elementor-id=\"42\" class=\"elementor elementor-42\">\n\t\t\t\t\t\t<section class=\"elementor-section elementor-top-section elementor-element elementor-element-58a161c elementor-section-boxed elementor-section-height-default elementor-section-height-default\" data-id=\"58a161c\" data-element_type=\"section\" data-e-type=\"section\">\n\t\t\t\t\t\t<div class=\"elementor-container elementor-column-gap-default\">\n\t\t\t\t\t<div class=\"elementor-column elementor-col-100 elementor-top-column elementor-element elementor-element-9f6b910\" data-id=\"9f6b910\" data-element_type=\"column\" data-e-type=\"column\">\n\t\t\t<div class=\"elementor-widget-wrap elementor-element-populated\">\n\t\t\t\t\t\t<div class=\"elementor-element elementor-element-92bb625 elementor-widget elementor-widget-heading\" data-id=\"92bb625\" data-element_type=\"widget\" data-e-type=\"widget\" data-widget_type=\"heading.default\">\n\t\t\t\t<div class=\"elementor-widget-container\">\n\t\t\t\t\t<h2 class=\"elementor-heading-title elementor-size-default\">Astrologie<\/h2>\t\t\t\t<\/div>\n\t\t\t\t<\/div>\n\t\t\t\t\t<\/div>\n\t\t<\/div>\n\t\t\t\t\t<\/div>\n\t\t<\/section>\n\t\t\t\t<section class=\"elementor-section elementor-top-section elementor-element elementor-element-0115cd5 elementor-section-boxed elementor-section-height-default elementor-section-height-default\" data-id=\"0115cd5\" data-element_type=\"section\" data-e-type=\"section\">\n\t\t\t\t\t\t<div class=\"elementor-container elementor-column-gap-default\">\n\t\t\t\t\t<div class=\"elementor-column elementor-col-100 elementor-top-column elementor-element elementor-element-d694b36\" data-id=\"d694b36\" data-element_type=\"column\" data-e-type=\"column\">\n\t\t\t<div class=\"elementor-widget-wrap elementor-element-populated\">\n\t\t\t\t\t\t<div class=\"elementor-element elementor-element-f92dc8a elementor-widget elementor-widget-text-editor\" data-id=\"f92dc8a\" data-element_type=\"widget\" data-e-type=\"widget\" data-widget_type=\"text-editor.default\">\n\t\t\t\t<div class=\"elementor-widget-container\">\n\t\t\t\t\t\t\t\t\tDie Tierkreiszeichen am Himmel haben eine feststehende Anordnung. Die Planeten hingegen sind st\u00e4ndig in Bewegung und durchlaufen den Tierkreis. Ich sehe mir die Planeten in deinem Geburtshoroskop an und kann auf deine Charaktereigenschaften und Talente R\u00fcckschl\u00fcsse ziehen. Die laufenden Planeten bilden allerdings auch Aspekte zu deinem Geburtshoroskop und geben Aufschluss \u00fcber Themen, die dich gerade bewegen.\t\t\t\t\t\t\t\t<\/div>\n\t\t\t\t<\/div>\n\t\t\t\t\t<\/div>\n\t\t<\/div>\n\t\t\t\t\t<\/div>\n\t\t<\/section>\n\t\t\t\t<section class=\"elementor-section elementor-top-section elementor-element elementor-element-d8961e3 elementor-section-boxed elementor-section-height-default elementor-section-height-default\" data-id=\"d8961e3\" data-element_type=\"section\" data-e-type=\"section\">\n\t\t\t\t\t\t<div class=\"elementor-container elementor-column-gap-default\">\n\t\t\t\t\t<div class=\"elementor-column elementor-col-100 elementor-top-column elementor-element elementor-element-81ed860\" data-id=\"81ed860\" data-element_type=\"column\" data-e-type=\"column\">\n\t\t\t<div class=\"elementor-widget-wrap elementor-element-populated\">\n\t\t\t\t\t\t<div class=\"elementor-element elementor-element-546040a elementor-align-center elementor-widget elementor-widget-button\" data-id=\"546040a\" data-element_type=\"widget\" data-e-type=\"widget\" data-widget_type=\"button.default\">\n\t\t\t\t<div class=\"elementor-widget-container\">\n\t\t\t\t\t\t\t\t\t<div class=\"elementor-button-wrapper\">\n\t\t\t\t\t<a class=\"elementor-button elementor-button-link elementor-size-md\" href=\"https:\/\/astrominddesign.at\/?product=astrologische-beratung-2\">\n\t\t\t\t\t\t<span class=\"elementor-button-content-wrapper\">\n\t\t\t\t\t\t<span class=\"elementor-button-icon\">\n\t\t\t\t<i aria-hidden=\"true\" class=\"fas fa-angle-right\"><\/i>\t\t\t<\/span>\n\t\t\t\t\t\t\t\t\t<span class=\"elementor-button-text\">Astrologische Beratung<\/span>\n\t\t\t\t\t<\/span>\n\t\t\t\t\t<\/a>\n\t\t\t\t<\/div>\n\t\t\t\t\t\t\t\t<\/div>\n\t\t\t\t<\/div>\n\t\t\t\t\t<\/div>\n\t\t<\/div>\n\t\t\t\t\t<\/div>\n\t\t<\/section>\n\t\t\t\t<\/div>\n\t\t","protected":false},"excerpt":{"rendered":"<p>Astrologie Die Tierkreiszeichen am Himmel haben eine feststehende Anordnung. Die Planeten hingegen sind st\u00e4ndig in Bewegung und durchlaufen den Tierkreis. Ich sehe mir die Planeten in deinem Geburtshoroskop an und kann auf deine Charaktereigenschaften und Talente R\u00fcckschl\u00fcsse ziehen. Die laufenden Planeten bilden allerdings auch Aspekte zu deinem Geburtshoroskop und geben Aufschluss \u00fcber Themen, die dich &hellip; <\/p>\n","protected":false},"author":2,"featured_media":0,"parent":0,"menu_order":0,"comment_status":"closed","ping_status":"closed","template":"elementor_header_footer","meta":{"footnotes":""},"class_list":["post-42","page","type-page","status-publish","hentry"],"yoast_head":"<!-- This site is optimized with the Yoast SEO plugin v27.4 - https:\/\/yoast.com\/product\/yoast-seo-wordpress\/ -->\n<title>Astrologie - astrominddesign<\/title>\n<meta name=\"robots\" content=\"index, follow, max-snippet:-1, max-image-preview:large, max-video-preview:-1\" \/>\n<link rel=\"canonical\" href=\"https:\/\/www.astrominddesign.at\/?page_id=42\" \/>\n<meta property=\"og:locale\" content=\"de_DE\" \/>\n<meta property=\"og:type\" content=\"article\" \/>\n<meta property=\"og:title\" content=\"Astrologie - astrominddesign\" \/>\n<meta property=\"og:description\" content=\"Astrologie Die Tierkreiszeichen am Himmel haben eine feststehende Anordnung. Die Planeten hingegen sind st\u00e4ndig in Bewegung und durchlaufen den Tierkreis. Ich sehe mir die Planeten in deinem Geburtshoroskop an und kann auf deine Charaktereigenschaften und Talente R\u00fcckschl\u00fcsse ziehen. Die laufenden Planeten bilden allerdings auch Aspekte zu deinem Geburtshoroskop und geben Aufschluss \u00fcber Themen, die dich &hellip;\" \/>\n<meta property=\"og:url\" content=\"https:\/\/www.astrominddesign.at\/?page_id=42\" \/>\n<meta property=\"og:site_name\" content=\"astrominddesign\" \/>\n<meta property=\"article:modified_time\" content=\"2021-06-03T06:29:36+00:00\" \/>\n<meta name=\"twitter:card\" content=\"summary_large_image\" \/>\n<meta name=\"twitter:label1\" content=\"Gesch\u00e4tzte Lesezeit\" \/>\n\t<meta name=\"twitter:data1\" content=\"1\u00a0Minute\" \/>\n<script type=\"application\/ld+json\" class=\"yoast-schema-graph\">{\"@context\":\"https:\\\/\\\/schema.org\",\"@graph\":[{\"@type\":\"WebPage\",\"@id\":\"https:\\\/\\\/www.astrominddesign.at\\\/?page_id=42\",\"url\":\"https:\\\/\\\/www.astrominddesign.at\\\/?page_id=42\",\"name\":\"Astrologie - astrominddesign\",\"isPartOf\":{\"@id\":\"https:\\\/\\\/www.astrominddesign.at\\\/#website\"},\"datePublished\":\"2021-03-06T15:27:22+00:00\",\"dateModified\":\"2021-06-03T06:29:36+00:00\",\"breadcrumb\":{\"@id\":\"https:\\\/\\\/www.astrominddesign.at\\\/?page_id=42#breadcrumb\"},\"inLanguage\":\"de\",\"potentialAction\":[{\"@type\":\"ReadAction\",\"target\":[\"https:\\\/\\\/www.astrominddesign.at\\\/?page_id=42\"]}]},{\"@type\":\"BreadcrumbList\",\"@id\":\"https:\\\/\\\/www.astrominddesign.at\\\/?page_id=42#breadcrumb\",\"itemListElement\":[{\"@type\":\"ListItem\",\"position\":1,\"name\":\"Startseite\",\"item\":\"https:\\\/\\\/www.astrominddesign.at\\\/\"},{\"@type\":\"ListItem\",\"position\":2,\"name\":\"Astrologie\"}]},{\"@type\":\"WebSite\",\"@id\":\"https:\\\/\\\/www.astrominddesign.at\\\/#website\",\"url\":\"https:\\\/\\\/www.astrominddesign.at\\\/\",\"name\":\"astrominddesign\",\"description\":\"Astrologische Beratung, Resilienz- und Bewusstheitstraining\",\"potentialAction\":[{\"@type\":\"SearchAction\",\"target\":{\"@type\":\"EntryPoint\",\"urlTemplate\":\"https:\\\/\\\/www.astrominddesign.at\\\/?s={search_term_string}\"},\"query-input\":{\"@type\":\"PropertyValueSpecification\",\"valueRequired\":true,\"valueName\":\"search_term_string\"}}],\"inLanguage\":\"de\"}]}<\/script>\n<!-- \/ Yoast SEO plugin. -->","yoast_head_json":{"title":"Astrologie - astrominddesign","robots":{"index":"index","follow":"follow","max-snippet":"max-snippet:-1","max-image-preview":"max-image-preview:large","max-video-preview":"max-video-preview:-1"},"canonical":"https:\/\/www.astrominddesign.at\/?page_id=42","og_locale":"de_DE","og_type":"article","og_title":"Astrologie - astrominddesign","og_description":"Astrologie Die Tierkreiszeichen am Himmel haben eine feststehende Anordnung. Die Planeten hingegen sind st\u00e4ndig in Bewegung und durchlaufen den Tierkreis. Ich sehe mir die Planeten in deinem Geburtshoroskop an und kann auf deine Charaktereigenschaften und Talente R\u00fcckschl\u00fcsse ziehen. Die laufenden Planeten bilden allerdings auch Aspekte zu deinem Geburtshoroskop und geben Aufschluss \u00fcber Themen, die dich &hellip;","og_url":"https:\/\/www.astrominddesign.at\/?page_id=42","og_site_name":"astrominddesign","article_modified_time":"2021-06-03T06:29:36+00:00","twitter_card":"summary_large_image","twitter_misc":{"Gesch\u00e4tzte Lesezeit":"1\u00a0Minute"},"schema":{"@context":"https:\/\/schema.org","@graph":[{"@type":"WebPage","@id":"https:\/\/www.astrominddesign.at\/?page_id=42","url":"https:\/\/www.astrominddesign.at\/?page_id=42","name":"Astrologie - astrominddesign","isPartOf":{"@id":"https:\/\/www.astrominddesign.at\/#website"},"datePublished":"2021-03-06T15:27:22+00:00","dateModified":"2021-06-03T06:29:36+00:00","breadcrumb":{"@id":"https:\/\/www.astrominddesign.at\/?page_id=42#breadcrumb"},"inLanguage":"de","potentialAction":[{"@type":"ReadAction","target":["https:\/\/www.astrominddesign.at\/?page_id=42"]}]},{"@type":"BreadcrumbList","@id":"https:\/\/www.astrominddesign.at\/?page_id=42#breadcrumb","itemListElement":[{"@type":"ListItem","position":1,"name":"Startseite","item":"https:\/\/www.astrominddesign.at\/"},{"@type":"ListItem","position":2,"name":"Astrologie"}]},{"@type":"WebSite","@id":"https:\/\/www.astrominddesign.at\/#website","url":"https:\/\/www.astrominddesign.at\/","name":"astrominddesign","description":"Astrologische Beratung, Resilienz- und Bewusstheitstraining","potentialAction":[{"@type":"SearchAction","target":{"@type":"EntryPoint","urlTemplate":"https:\/\/www.astrominddesign.at\/?s={search_term_string}"},"query-input":{"@type":"PropertyValueSpecification","valueRequired":true,"valueName":"search_term_string"}}],"inLanguage":"de"}]}},"_links":{"self":[{"href":"https:\/\/www.astrominddesign.at\/index.php?rest_route=\/wp\/v2\/pages\/42","targetHints":{"allow":["GET"]}}],"collection":[{"href":"https:\/\/www.astrominddesign.at\/index.php?rest_route=\/wp\/v2\/pages"}],"about":[{"href":"https:\/\/www.astrominddesign.at\/index.php?rest_route=\/wp\/v2\/types\/page"}],"author":[{"embeddable":true,"href":"https:\/\/www.astrominddesign.at\/index.php?rest_route=\/wp\/v2\/users\/2"}],"replies":[{"embeddable":true,"href":"https:\/\/www.astrominddesign.at\/index.php?rest_route=%2Fwp%2Fv2%2Fcomments&post=42"}],"version-history":[{"count":30,"href":"https:\/\/www.astrominddesign.at\/index.php?rest_route=\/wp\/v2\/pages\/42\/revisions"}],"predecessor-version":[{"id":602,"href":"https:\/\/www.astrominddesign.at\/index.php?rest_route=\/wp\/v2\/pages\/42\/revisions\/602"}],"wp:attachment":[{"href":"https:\/\/www.astrominddesign.at\/index.php?rest_route=%2Fwp%2Fv2%2Fmedia&parent=42"}],"curies":[{"name":"wp","href":"https:\/\/api.w.org\/{rel}","templated":true}]}}