{"id":6,"date":"2021-03-05T19:00:14","date_gmt":"2021-03-05T19:00:14","guid":{"rendered":"https:\/\/www.astrominddesign.at\/?page_id=6"},"modified":"2022-06-14T08:47:57","modified_gmt":"2022-06-14T08:47:57","slug":"ueber-uns","status":"publish","type":"page","link":"https:\/\/www.astrominddesign.at\/?page_id=6","title":{"rendered":"\u00dcber mich"},"content":{"rendered":"\t\t<div data-elementor-type=\"wp-page\" data-elementor-id=\"6\" class=\"elementor elementor-6\">\n\t\t\t\t\t\t<section class=\"elementor-section elementor-top-section elementor-element elementor-element-e376551 elementor-section-boxed elementor-section-height-default elementor-section-height-default\" data-id=\"e376551\" data-element_type=\"section\" data-e-type=\"section\">\n\t\t\t\t\t\t<div class=\"elementor-container elementor-column-gap-default\">\n\t\t\t\t\t<div class=\"elementor-column elementor-col-100 elementor-top-column elementor-element elementor-element-b7e90ec\" data-id=\"b7e90ec\" data-element_type=\"column\" data-e-type=\"column\">\n\t\t\t<div class=\"elementor-widget-wrap elementor-element-populated\">\n\t\t\t\t\t\t<div class=\"elementor-element elementor-element-697cdd9 elementor-widget elementor-widget-heading\" data-id=\"697cdd9\" data-element_type=\"widget\" data-e-type=\"widget\" data-widget_type=\"heading.default\">\n\t\t\t\t<div class=\"elementor-widget-container\">\n\t\t\t\t\t<h2 class=\"elementor-heading-title elementor-size-default\">\u00dcber mich<\/h2>\t\t\t\t<\/div>\n\t\t\t\t<\/div>\n\t\t\t\t\t<\/div>\n\t\t<\/div>\n\t\t\t\t\t<\/div>\n\t\t<\/section>\n\t\t\t\t<section class=\"elementor-section elementor-top-section elementor-element elementor-element-2518361 elementor-section-full_width elementor-section-height-default elementor-section-height-default\" data-id=\"2518361\" data-element_type=\"section\" data-e-type=\"section\" data-settings=\"{&quot;background_background&quot;:&quot;classic&quot;}\">\n\t\t\t\t\t\t\t<div class=\"elementor-background-overlay\"><\/div>\n\t\t\t\t\t\t\t<div class=\"elementor-container elementor-column-gap-default\">\n\t\t\t\t\t<div class=\"elementor-column elementor-col-50 elementor-top-column elementor-element elementor-element-a3dd2cf\" data-id=\"a3dd2cf\" data-element_type=\"column\" data-e-type=\"column\">\n\t\t\t<div class=\"elementor-widget-wrap elementor-element-populated\">\n\t\t\t\t\t\t<div class=\"elementor-element elementor-element-b061b86 elementor-widget elementor-widget-image\" data-id=\"b061b86\" data-element_type=\"widget\" data-e-type=\"widget\" data-widget_type=\"image.default\">\n\t\t\t\t<div class=\"elementor-widget-container\">\n\t\t\t\t\t\t\t\t\t\t\t\t\t\t\t<img fetchpriority=\"high\" decoding=\"async\" width=\"640\" height=\"499\" src=\"https:\/\/www.astrominddesign.at\/wp-content\/uploads\/2022\/06\/0_IMG-20210302-WA0021-e1655196386468-768x599.jpg\" class=\"attachment-medium_large size-medium_large wp-image-881\" alt=\"\" srcset=\"https:\/\/www.astrominddesign.at\/wp-content\/uploads\/2022\/06\/0_IMG-20210302-WA0021-e1655196386468-768x599.jpg 768w, https:\/\/www.astrominddesign.at\/wp-content\/uploads\/2022\/06\/0_IMG-20210302-WA0021-e1655196386468-300x234.jpg 300w, https:\/\/www.astrominddesign.at\/wp-content\/uploads\/2022\/06\/0_IMG-20210302-WA0021-e1655196386468-650x507.jpg 650w, https:\/\/www.astrominddesign.at\/wp-content\/uploads\/2022\/06\/0_IMG-20210302-WA0021-e1655196386468-600x468.jpg 600w, https:\/\/www.astrominddesign.at\/wp-content\/uploads\/2022\/06\/0_IMG-20210302-WA0021-e1655196386468.jpg 1023w\" sizes=\"(max-width: 640px) 100vw, 640px\" \/>\t\t\t\t\t\t\t\t\t\t\t\t\t\t\t<\/div>\n\t\t\t\t<\/div>\n\t\t\t\t<div class=\"elementor-element elementor-element-d077b4c elementor-widget elementor-widget-image\" data-id=\"d077b4c\" data-element_type=\"widget\" data-e-type=\"widget\" data-widget_type=\"image.default\">\n\t\t\t\t<div class=\"elementor-widget-container\">\n\t\t\t\t\t\t\t\t\t\t\t\t<figure class=\"wp-caption\">\n\t\t\t\t\t\t\t\t\t\t<img decoding=\"async\" width=\"640\" height=\"578\" src=\"https:\/\/www.astrominddesign.at\/wp-content\/uploads\/2021\/03\/704D9039-D983-42C3-B6FF-32618ABC548D_1_105_c-e1622701177899.jpeg\" class=\"attachment-medium_large size-medium_large wp-image-31\" alt=\"\" srcset=\"https:\/\/www.astrominddesign.at\/wp-content\/uploads\/2021\/03\/704D9039-D983-42C3-B6FF-32618ABC548D_1_105_c-e1622701177899.jpeg 768w, https:\/\/www.astrominddesign.at\/wp-content\/uploads\/2021\/03\/704D9039-D983-42C3-B6FF-32618ABC548D_1_105_c-e1622701177899-600x541.jpeg 600w, https:\/\/www.astrominddesign.at\/wp-content\/uploads\/2021\/03\/704D9039-D983-42C3-B6FF-32618ABC548D_1_105_c-e1622701177899-300x271.jpeg 300w, https:\/\/www.astrominddesign.at\/wp-content\/uploads\/2021\/03\/704D9039-D983-42C3-B6FF-32618ABC548D_1_105_c-e1622701177899-650x587.jpeg 650w\" sizes=\"(max-width: 640px) 100vw, 640px\" \/>\t\t\t\t\t\t\t\t\t\t\t<figcaption class=\"widget-image-caption wp-caption-text\">Angelika Reichl BEd MSc<\/figcaption>\n\t\t\t\t\t\t\t\t\t\t<\/figure>\n\t\t\t\t\t\t\t\t\t<\/div>\n\t\t\t\t<\/div>\n\t\t\t\t\t<\/div>\n\t\t<\/div>\n\t\t\t\t<div class=\"elementor-column elementor-col-50 elementor-top-column elementor-element elementor-element-72fc9df\" data-id=\"72fc9df\" data-element_type=\"column\" data-e-type=\"column\">\n\t\t\t<div class=\"elementor-widget-wrap elementor-element-populated\">\n\t\t\t\t\t\t<div class=\"elementor-element elementor-element-5961f9e elementor-widget__width-auto elementor-widget elementor-widget-text-editor\" data-id=\"5961f9e\" data-element_type=\"widget\" data-e-type=\"widget\" data-widget_type=\"text-editor.default\">\n\t\t\t\t<div class=\"elementor-widget-container\">\n\t\t\t\t\t\t\t\t\t<p>\u00a0<\/p><p>\u00a0<\/p><p style=\"text-align: center;\">Ich besch\u00e4ftige mich seit vielen Jahren intensiv mit Astrologie und habe meine Diplompr\u00fcfung im Jahr 2016 absolviert. Durch meine Beratungen habe ich erkannt, dass viele Menschen zu sehr auf ihren Verstand h\u00f6ren und verlernt haben, ihrer Intuition und den dazugeh\u00f6rigen Gef\u00fchlen zu vertrauen. Mit meinem Studium der Achtsamkeit in Bildung, Beratung und Gesundheitswesen konnte ich neue Kenntnisse auf dem Gebiet der Selbstwahrnehmung erlangen, welche ich gerne weitergeben m\u00f6chte.<\/p>\t\t\t\t\t\t\t\t<\/div>\n\t\t\t\t<\/div>\n\t\t\t\t\t<\/div>\n\t\t<\/div>\n\t\t\t\t\t<\/div>\n\t\t<\/section>\n\t\t\t\t<section class=\"elementor-section elementor-top-section elementor-element elementor-element-649dd1a elementor-section-boxed elementor-section-height-default elementor-section-height-default\" data-id=\"649dd1a\" data-element_type=\"section\" data-e-type=\"section\" data-settings=\"{&quot;background_background&quot;:&quot;classic&quot;}\">\n\t\t\t\t\t\t<div class=\"elementor-container elementor-column-gap-default\">\n\t\t\t\t\t<div class=\"elementor-column elementor-col-50 elementor-top-column elementor-element elementor-element-561af7c\" data-id=\"561af7c\" data-element_type=\"column\" data-e-type=\"column\">\n\t\t\t<div class=\"elementor-widget-wrap elementor-element-populated\">\n\t\t\t\t\t\t<div class=\"elementor-element elementor-element-7ab828f elementor-widget elementor-widget-heading\" data-id=\"7ab828f\" data-element_type=\"widget\" data-e-type=\"widget\" data-widget_type=\"heading.default\">\n\t\t\t\t<div class=\"elementor-widget-container\">\n\t\t\t\t\t<h2 class=\"elementor-heading-title elementor-size-default\">Akademische Abschl\u00fcsse<\/h2>\t\t\t\t<\/div>\n\t\t\t\t<\/div>\n\t\t\t\t\t<\/div>\n\t\t<\/div>\n\t\t\t\t<div class=\"elementor-column elementor-col-50 elementor-top-column elementor-element elementor-element-67de584\" data-id=\"67de584\" data-element_type=\"column\" data-e-type=\"column\">\n\t\t\t<div class=\"elementor-widget-wrap elementor-element-populated\">\n\t\t\t\t\t\t<div class=\"elementor-element elementor-element-9a89cd1 elementor-widget elementor-widget-heading\" data-id=\"9a89cd1\" data-element_type=\"widget\" data-e-type=\"widget\" data-widget_type=\"heading.default\">\n\t\t\t\t<div class=\"elementor-widget-container\">\n\t\t\t\t\t<h2 class=\"elementor-heading-title elementor-size-default\">Beruflicher Hintergrund<\/h2>\t\t\t\t<\/div>\n\t\t\t\t<\/div>\n\t\t\t\t\t<\/div>\n\t\t<\/div>\n\t\t\t\t\t<\/div>\n\t\t<\/section>\n\t\t\t\t<section class=\"elementor-section elementor-top-section elementor-element elementor-element-a92b669 elementor-section-boxed elementor-section-height-default elementor-section-height-default\" data-id=\"a92b669\" data-element_type=\"section\" data-e-type=\"section\">\n\t\t\t\t\t\t<div class=\"elementor-container elementor-column-gap-default\">\n\t\t\t\t\t<div class=\"elementor-column elementor-col-50 elementor-top-column elementor-element elementor-element-8a814aa\" data-id=\"8a814aa\" data-element_type=\"column\" data-e-type=\"column\">\n\t\t\t<div class=\"elementor-widget-wrap elementor-element-populated\">\n\t\t\t\t\t\t<div class=\"elementor-element elementor-element-ceb162c elementor-widget elementor-widget-text-editor\" data-id=\"ceb162c\" data-element_type=\"widget\" data-e-type=\"widget\" data-widget_type=\"text-editor.default\">\n\t\t\t\t<div class=\"elementor-widget-container\">\n\t\t\t\t\t\t\t\t\t<ul><li>Berufschulp\u00e4dagogik PH Wien<\/li><li>zus\u00e4tzliche Lehramtsbef\u00e4higungen in Franz\u00f6sisch, Italienisch und Englisch auf der PH Wien, PH Nieder\u00f6sterreich, PH K\u00e4rnten<\/li><li>Studium der Achtsamkeit in Bildung, Beratung und Gesundheitswesen, Master of Science KPH-Krems<\/li><\/ul>\t\t\t\t\t\t\t\t<\/div>\n\t\t\t\t<\/div>\n\t\t\t\t\t<\/div>\n\t\t<\/div>\n\t\t\t\t<div class=\"elementor-column elementor-col-50 elementor-top-column elementor-element elementor-element-127ed7b\" data-id=\"127ed7b\" data-element_type=\"column\" data-e-type=\"column\">\n\t\t\t<div class=\"elementor-widget-wrap elementor-element-populated\">\n\t\t\t\t\t\t<div class=\"elementor-element elementor-element-6bcc401 elementor-widget elementor-widget-text-editor\" data-id=\"6bcc401\" data-element_type=\"widget\" data-e-type=\"widget\" data-widget_type=\"text-editor.default\">\n\t\t\t\t<div class=\"elementor-widget-container\">\n\t\t\t\t\t\t\t\t\t<ul><li>15 Jahre Flugbegleiterin bei Austrian Airlines<\/li><li>Chef de Cabine, zahlreiche Eins\u00e4tze im Langstreckenverkehr auf der ganzen Welt<\/li><li>seit 2004 P\u00e4dagogin und Erzieherin im Berufsschulbereich f\u00fcr die wirtschaftlichen und kaufm\u00e4nnischen F\u00e4cher, sowie Fremdsprachen<\/li><li>Trainerin im WIFI und BFI f\u00fcr Arbeitslose und Inhaftierte<\/li><\/ul>\t\t\t\t\t\t\t\t<\/div>\n\t\t\t\t<\/div>\n\t\t\t\t\t<\/div>\n\t\t<\/div>\n\t\t\t\t\t<\/div>\n\t\t<\/section>\n\t\t\t\t<section class=\"elementor-section elementor-top-section elementor-element elementor-element-3b8d869 elementor-section-boxed elementor-section-height-default elementor-section-height-default\" data-id=\"3b8d869\" data-element_type=\"section\" data-e-type=\"section\" data-settings=\"{&quot;background_background&quot;:&quot;classic&quot;}\">\n\t\t\t\t\t\t<div class=\"elementor-container elementor-column-gap-default\">\n\t\t\t\t\t<div class=\"elementor-column elementor-col-50 elementor-top-column elementor-element elementor-element-3379b6c\" data-id=\"3379b6c\" data-element_type=\"column\" data-e-type=\"column\">\n\t\t\t<div class=\"elementor-widget-wrap elementor-element-populated\">\n\t\t\t\t\t\t<div class=\"elementor-element elementor-element-9a0c826 elementor-widget elementor-widget-heading\" data-id=\"9a0c826\" data-element_type=\"widget\" data-e-type=\"widget\" data-widget_type=\"heading.default\">\n\t\t\t\t<div class=\"elementor-widget-container\">\n\t\t\t\t\t<h2 class=\"elementor-heading-title elementor-size-default\">Mehrj\u00e4hrige Ausbildungen<\/h2>\t\t\t\t<\/div>\n\t\t\t\t<\/div>\n\t\t\t\t\t<\/div>\n\t\t<\/div>\n\t\t\t\t<div class=\"elementor-column elementor-col-50 elementor-top-column elementor-element elementor-element-0d261ed\" data-id=\"0d261ed\" data-element_type=\"column\" data-e-type=\"column\">\n\t\t\t<div class=\"elementor-widget-wrap elementor-element-populated\">\n\t\t\t\t\t\t<div class=\"elementor-element elementor-element-8cbfdeb elementor-widget elementor-widget-heading\" data-id=\"8cbfdeb\" data-element_type=\"widget\" data-e-type=\"widget\" data-widget_type=\"heading.default\">\n\t\t\t\t<div class=\"elementor-widget-container\">\n\t\t\t\t\t<h2 class=\"elementor-heading-title elementor-size-default\">Interessen und Fortbildungen<\/h2>\t\t\t\t<\/div>\n\t\t\t\t<\/div>\n\t\t\t\t\t<\/div>\n\t\t<\/div>\n\t\t\t\t\t<\/div>\n\t\t<\/section>\n\t\t\t\t<section class=\"elementor-section elementor-top-section elementor-element elementor-element-4fbe71c elementor-section-boxed elementor-section-height-default elementor-section-height-default\" data-id=\"4fbe71c\" data-element_type=\"section\" data-e-type=\"section\">\n\t\t\t\t\t\t<div class=\"elementor-container elementor-column-gap-default\">\n\t\t\t\t\t<div class=\"elementor-column elementor-col-50 elementor-top-column elementor-element elementor-element-1f68967\" data-id=\"1f68967\" data-element_type=\"column\" data-e-type=\"column\">\n\t\t\t<div class=\"elementor-widget-wrap elementor-element-populated\">\n\t\t\t\t\t\t<div class=\"elementor-element elementor-element-bdf15b1 elementor-widget elementor-widget-text-editor\" data-id=\"bdf15b1\" data-element_type=\"widget\" data-e-type=\"widget\" data-widget_type=\"text-editor.default\">\n\t\t\t\t<div class=\"elementor-widget-container\">\n\t\t\t\t\t\t\t\t\t<ul><li>NLP-Practitioner in F\u00fcrstenfeld (Dr. Elisabeth Zechmeister)<\/li><li>Diplom in klassischer Astrologie, Astrokolleg (No\u00e9 &amp; Allgeier)<\/li><li>Cosmogetischer Life Coach (Jana Haas)<\/li><li>Feeling Code Practitioner (Mag. Birgit Jankovic-Steiner)<\/li><li>Color Healing, Connect Direct, Trance Communication &amp; Telepathie (Mag. Birgit Fischer)<\/li><\/ul>\t\t\t\t\t\t\t\t<\/div>\n\t\t\t\t<\/div>\n\t\t\t\t\t<\/div>\n\t\t<\/div>\n\t\t\t\t<div class=\"elementor-column elementor-col-50 elementor-top-column elementor-element elementor-element-b3bdc0a\" data-id=\"b3bdc0a\" data-element_type=\"column\" data-e-type=\"column\">\n\t\t\t<div class=\"elementor-widget-wrap elementor-element-populated\">\n\t\t\t\t\t\t<div class=\"elementor-element elementor-element-892298b elementor-widget elementor-widget-text-editor\" data-id=\"892298b\" data-element_type=\"widget\" data-e-type=\"widget\" data-widget_type=\"text-editor.default\">\n\t\t\t\t<div class=\"elementor-widget-container\">\n\t\t\t\t\t\t\t\t\t<ul><li>Achtsamkeit als Lebensphilosophie inspiriert durch Thich Nhat Hanh,\u00a0Jon Kabat Zinn, Jack Kornfeld, Tara Brach, Christopher Germer<\/li><li>MBSR-Training (Mindful Based Stress Reduction), MBCL-Training (Mindful Based Compassionate Living)<\/li><li>Transformative Prozesse durch Geistheilung in Form von Retreats<\/li><li>Meditatives Gehen<\/li><li>Yogapraxis<\/li><\/ul>\t\t\t\t\t\t\t\t<\/div>\n\t\t\t\t<\/div>\n\t\t\t\t\t<\/div>\n\t\t<\/div>\n\t\t\t\t\t<\/div>\n\t\t<\/section>\n\t\t\t\t<\/div>\n\t\t","protected":false},"excerpt":{"rendered":"<p>\u00dcber mich Angelika Reichl BEd MSc \u00a0 \u00a0 Ich besch\u00e4ftige mich seit vielen Jahren intensiv mit Astrologie und habe meine Diplompr\u00fcfung im Jahr 2016 absolviert. Durch meine Beratungen habe ich erkannt, dass viele Menschen zu sehr auf ihren Verstand h\u00f6ren und verlernt haben, ihrer Intuition und den dazugeh\u00f6rigen Gef\u00fchlen zu vertrauen. Mit meinem Studium der &hellip; <\/p>\n","protected":false},"author":2,"featured_media":0,"parent":0,"menu_order":0,"comment_status":"closed","ping_status":"closed","template":"elementor_header_footer","meta":{"footnotes":""},"class_list":["post-6","page","type-page","status-publish","hentry"],"yoast_head":"<!-- This site is optimized with the Yoast SEO plugin v27.4 - https:\/\/yoast.com\/product\/yoast-seo-wordpress\/ -->\n<title>\u00dcber mich - astrominddesign<\/title>\n<meta name=\"robots\" content=\"index, follow, max-snippet:-1, max-image-preview:large, max-video-preview:-1\" \/>\n<link rel=\"canonical\" href=\"https:\/\/www.astrominddesign.at\/?page_id=6\" \/>\n<meta property=\"og:locale\" content=\"de_DE\" \/>\n<meta property=\"og:type\" content=\"article\" \/>\n<meta property=\"og:title\" content=\"\u00dcber mich - astrominddesign\" \/>\n<meta property=\"og:description\" content=\"\u00dcber mich Angelika Reichl BEd MSc \u00a0 \u00a0 Ich besch\u00e4ftige mich seit vielen Jahren intensiv mit Astrologie und habe meine Diplompr\u00fcfung im Jahr 2016 absolviert. Durch meine Beratungen habe ich erkannt, dass viele Menschen zu sehr auf ihren Verstand h\u00f6ren und verlernt haben, ihrer Intuition und den dazugeh\u00f6rigen Gef\u00fchlen zu vertrauen. Mit meinem Studium der &hellip;\" \/>\n<meta property=\"og:url\" content=\"https:\/\/www.astrominddesign.at\/?page_id=6\" \/>\n<meta property=\"og:site_name\" content=\"astrominddesign\" \/>\n<meta property=\"article:modified_time\" content=\"2022-06-14T08:47:57+00:00\" \/>\n<meta property=\"og:image\" content=\"https:\/\/www.astrominddesign.at\/wp-content\/uploads\/2022\/06\/0_IMG-20210302-WA0021-e1655196386468-768x599.jpg\" \/>\n<meta name=\"twitter:card\" content=\"summary_large_image\" \/>\n<meta name=\"twitter:label1\" content=\"Gesch\u00e4tzte Lesezeit\" \/>\n\t<meta name=\"twitter:data1\" content=\"2\u00a0Minuten\" \/>\n<script type=\"application\/ld+json\" class=\"yoast-schema-graph\">{\"@context\":\"https:\\\/\\\/schema.org\",\"@graph\":[{\"@type\":\"WebPage\",\"@id\":\"https:\\\/\\\/www.astrominddesign.at\\\/?page_id=6\",\"url\":\"https:\\\/\\\/www.astrominddesign.at\\\/?page_id=6\",\"name\":\"\u00dcber mich - astrominddesign\",\"isPartOf\":{\"@id\":\"https:\\\/\\\/www.astrominddesign.at\\\/#website\"},\"primaryImageOfPage\":{\"@id\":\"https:\\\/\\\/www.astrominddesign.at\\\/?page_id=6#primaryimage\"},\"image\":{\"@id\":\"https:\\\/\\\/www.astrominddesign.at\\\/?page_id=6#primaryimage\"},\"thumbnailUrl\":\"https:\\\/\\\/www.astrominddesign.at\\\/wp-content\\\/uploads\\\/2022\\\/06\\\/0_IMG-20210302-WA0021-e1655196386468-768x599.jpg\",\"datePublished\":\"2021-03-05T19:00:14+00:00\",\"dateModified\":\"2022-06-14T08:47:57+00:00\",\"breadcrumb\":{\"@id\":\"https:\\\/\\\/www.astrominddesign.at\\\/?page_id=6#breadcrumb\"},\"inLanguage\":\"de\",\"potentialAction\":[{\"@type\":\"ReadAction\",\"target\":[\"https:\\\/\\\/www.astrominddesign.at\\\/?page_id=6\"]}]},{\"@type\":\"ImageObject\",\"inLanguage\":\"de\",\"@id\":\"https:\\\/\\\/www.astrominddesign.at\\\/?page_id=6#primaryimage\",\"url\":\"https:\\\/\\\/www.astrominddesign.at\\\/wp-content\\\/uploads\\\/2022\\\/06\\\/0_IMG-20210302-WA0021-e1655196386468.jpg\",\"contentUrl\":\"https:\\\/\\\/www.astrominddesign.at\\\/wp-content\\\/uploads\\\/2022\\\/06\\\/0_IMG-20210302-WA0021-e1655196386468.jpg\",\"width\":1023,\"height\":798},{\"@type\":\"BreadcrumbList\",\"@id\":\"https:\\\/\\\/www.astrominddesign.at\\\/?page_id=6#breadcrumb\",\"itemListElement\":[{\"@type\":\"ListItem\",\"position\":1,\"name\":\"Startseite\",\"item\":\"https:\\\/\\\/www.astrominddesign.at\\\/\"},{\"@type\":\"ListItem\",\"position\":2,\"name\":\"\u00dcber mich\"}]},{\"@type\":\"WebSite\",\"@id\":\"https:\\\/\\\/www.astrominddesign.at\\\/#website\",\"url\":\"https:\\\/\\\/www.astrominddesign.at\\\/\",\"name\":\"astrominddesign\",\"description\":\"Astrologische Beratung, Resilienz- und Bewusstheitstraining\",\"potentialAction\":[{\"@type\":\"SearchAction\",\"target\":{\"@type\":\"EntryPoint\",\"urlTemplate\":\"https:\\\/\\\/www.astrominddesign.at\\\/?s={search_term_string}\"},\"query-input\":{\"@type\":\"PropertyValueSpecification\",\"valueRequired\":true,\"valueName\":\"search_term_string\"}}],\"inLanguage\":\"de\"}]}<\/script>\n<!-- \/ Yoast SEO plugin. -->","yoast_head_json":{"title":"\u00dcber mich - astrominddesign","robots":{"index":"index","follow":"follow","max-snippet":"max-snippet:-1","max-image-preview":"max-image-preview:large","max-video-preview":"max-video-preview:-1"},"canonical":"https:\/\/www.astrominddesign.at\/?page_id=6","og_locale":"de_DE","og_type":"article","og_title":"\u00dcber mich - astrominddesign","og_description":"\u00dcber mich Angelika Reichl BEd MSc \u00a0 \u00a0 Ich besch\u00e4ftige mich seit vielen Jahren intensiv mit Astrologie und habe meine Diplompr\u00fcfung im Jahr 2016 absolviert. Durch meine Beratungen habe ich erkannt, dass viele Menschen zu sehr auf ihren Verstand h\u00f6ren und verlernt haben, ihrer Intuition und den dazugeh\u00f6rigen Gef\u00fchlen zu vertrauen. Mit meinem Studium der &hellip;","og_url":"https:\/\/www.astrominddesign.at\/?page_id=6","og_site_name":"astrominddesign","article_modified_time":"2022-06-14T08:47:57+00:00","og_image":[{"url":"https:\/\/www.astrominddesign.at\/wp-content\/uploads\/2022\/06\/0_IMG-20210302-WA0021-e1655196386468-768x599.jpg","type":"","width":"","height":""}],"twitter_card":"summary_large_image","twitter_misc":{"Gesch\u00e4tzte Lesezeit":"2\u00a0Minuten"},"schema":{"@context":"https:\/\/schema.org","@graph":[{"@type":"WebPage","@id":"https:\/\/www.astrominddesign.at\/?page_id=6","url":"https:\/\/www.astrominddesign.at\/?page_id=6","name":"\u00dcber mich - astrominddesign","isPartOf":{"@id":"https:\/\/www.astrominddesign.at\/#website"},"primaryImageOfPage":{"@id":"https:\/\/www.astrominddesign.at\/?page_id=6#primaryimage"},"image":{"@id":"https:\/\/www.astrominddesign.at\/?page_id=6#primaryimage"},"thumbnailUrl":"https:\/\/www.astrominddesign.at\/wp-content\/uploads\/2022\/06\/0_IMG-20210302-WA0021-e1655196386468-768x599.jpg","datePublished":"2021-03-05T19:00:14+00:00","dateModified":"2022-06-14T08:47:57+00:00","breadcrumb":{"@id":"https:\/\/www.astrominddesign.at\/?page_id=6#breadcrumb"},"inLanguage":"de","potentialAction":[{"@type":"ReadAction","target":["https:\/\/www.astrominddesign.at\/?page_id=6"]}]},{"@type":"ImageObject","inLanguage":"de","@id":"https:\/\/www.astrominddesign.at\/?page_id=6#primaryimage","url":"https:\/\/www.astrominddesign.at\/wp-content\/uploads\/2022\/06\/0_IMG-20210302-WA0021-e1655196386468.jpg","contentUrl":"https:\/\/www.astrominddesign.at\/wp-content\/uploads\/2022\/06\/0_IMG-20210302-WA0021-e1655196386468.jpg","width":1023,"height":798},{"@type":"BreadcrumbList","@id":"https:\/\/www.astrominddesign.at\/?page_id=6#breadcrumb","itemListElement":[{"@type":"ListItem","position":1,"name":"Startseite","item":"https:\/\/www.astrominddesign.at\/"},{"@type":"ListItem","position":2,"name":"\u00dcber mich"}]},{"@type":"WebSite","@id":"https:\/\/www.astrominddesign.at\/#website","url":"https:\/\/www.astrominddesign.at\/","name":"astrominddesign","description":"Astrologische Beratung, Resilienz- und Bewusstheitstraining","potentialAction":[{"@type":"SearchAction","target":{"@type":"EntryPoint","urlTemplate":"https:\/\/www.astrominddesign.at\/?s={search_term_string}"},"query-input":{"@type":"PropertyValueSpecification","valueRequired":true,"valueName":"search_term_string"}}],"inLanguage":"de"}]}},"_links":{"self":[{"href":"https:\/\/www.astrominddesign.at\/index.php?rest_route=\/wp\/v2\/pages\/6","targetHints":{"allow":["GET"]}}],"collection":[{"href":"https:\/\/www.astrominddesign.at\/index.php?rest_route=\/wp\/v2\/pages"}],"about":[{"href":"https:\/\/www.astrominddesign.at\/index.php?rest_route=\/wp\/v2\/types\/page"}],"author":[{"embeddable":true,"href":"https:\/\/www.astrominddesign.at\/index.php?rest_route=\/wp\/v2\/users\/2"}],"replies":[{"embeddable":true,"href":"https:\/\/www.astrominddesign.at\/index.php?rest_route=%2Fwp%2Fv2%2Fcomments&post=6"}],"version-history":[{"count":135,"href":"https:\/\/www.astrominddesign.at\/index.php?rest_route=\/wp\/v2\/pages\/6\/revisions"}],"predecessor-version":[{"id":891,"href":"https:\/\/www.astrominddesign.at\/index.php?rest_route=\/wp\/v2\/pages\/6\/revisions\/891"}],"wp:attachment":[{"href":"https:\/\/www.astrominddesign.at\/index.php?rest_route=%2Fwp%2Fv2%2Fmedia&parent=6"}],"curies":[{"name":"wp","href":"https:\/\/api.w.org\/{rel}","templated":true}]}}