{"id":421,"date":"2021-05-14T11:47:54","date_gmt":"2021-05-14T11:47:54","guid":{"rendered":"https:\/\/astrominddesign.at\/?post_type=product&#038;p=421"},"modified":"2026-04-11T07:32:35","modified_gmt":"2026-04-11T07:32:35","slug":"astrologische-beratung-2","status":"publish","type":"product","link":"https:\/\/www.astrominddesign.at\/?product=astrologische-beratung-2","title":{"rendered":"Astrologische Beratung"},"content":{"rendered":"<p>In deinem Geburtshoroskop sind deine St\u00e4rken, Talente und Charaktereigenschaften angelegt. Meine Aufgabe als Astrologin sehe ich darin, dich zu einer Selbsterkenntnis zu f\u00fchren, um deine Lebensziele gem\u00e4\u00df deiner Anlagen formulieren zu k\u00f6nnen.<\/p>\n<p>Dauer: 1h<\/p>\n","protected":false},"excerpt":{"rendered":"<p>In deinem Geburtshoroskop sind deine St\u00e4rken, Talente und Charaktereigenschaften angelegt. Meine Aufgabe als Astrologin sehe ich darin, dich zu einer Selbsterkenntnis zu f\u00fchren, um deine Lebensziele gem\u00e4\u00df deiner Anlagen formulieren zu k\u00f6nnen. Dauer: 1h<\/p>\n","protected":false},"featured_media":893,"template":"","meta":[],"product_brand":[],"product_cat":[18],"product_tag":[],"class_list":{"0":"post-421","1":"product","2":"type-product","3":"status-publish","4":"has-post-thumbnail","6":"product_cat-beratungen","8":"first","9":"instock","10":"virtual","11":"purchasable","12":"product-type-appointment"},"yoast_head":"<!-- This site is optimized with the Yoast SEO plugin v27.4 - https:\/\/yoast.com\/product\/yoast-seo-wordpress\/ -->\n<title>Astrologische Beratung - astrominddesign<\/title>\n<meta name=\"robots\" content=\"index, follow, max-snippet:-1, max-image-preview:large, max-video-preview:-1\" \/>\n<link rel=\"canonical\" href=\"https:\/\/www.astrominddesign.at\/?product=astrologische-beratung-2\" \/>\n<meta property=\"og:locale\" content=\"de_DE\" \/>\n<meta property=\"og:type\" content=\"article\" \/>\n<meta property=\"og:title\" content=\"Astrologische Beratung - astrominddesign\" \/>\n<meta property=\"og:description\" content=\"In deinem Geburtshoroskop sind deine St\u00e4rken, Talente und Charaktereigenschaften angelegt. Meine Aufgabe als Astrologin sehe ich darin, dich zu einer Selbsterkenntnis zu f\u00fchren, um deine Lebensziele gem\u00e4\u00df deiner Anlagen formulieren zu k\u00f6nnen. Dauer: 1h\" \/>\n<meta property=\"og:url\" content=\"https:\/\/www.astrominddesign.at\/?product=astrologische-beratung-2\" \/>\n<meta property=\"og:site_name\" content=\"astrominddesign\" \/>\n<meta property=\"article:modified_time\" content=\"2026-04-11T07:32:35+00:00\" \/>\n<meta property=\"og:image\" content=\"https:\/\/www.astrominddesign.at\/wp-content\/uploads\/2021\/05\/Astrologische-Beratung.png\" \/>\n\t<meta property=\"og:image:width\" content=\"672\" \/>\n\t<meta property=\"og:image:height\" content=\"672\" \/>\n\t<meta property=\"og:image:type\" content=\"image\/png\" \/>\n<meta name=\"twitter:card\" content=\"summary_large_image\" \/>\n<meta name=\"twitter:label1\" content=\"Gesch\u00e4tzte Lesezeit\" \/>\n\t<meta name=\"twitter:data1\" content=\"1\u00a0Minute\" \/>\n<script type=\"application\/ld+json\" class=\"yoast-schema-graph\">{\"@context\":\"https:\\\/\\\/schema.org\",\"@graph\":[{\"@type\":\"WebPage\",\"@id\":\"https:\\\/\\\/www.astrominddesign.at\\\/?product=astrologische-beratung-2\",\"url\":\"https:\\\/\\\/www.astrominddesign.at\\\/?product=astrologische-beratung-2\",\"name\":\"Astrologische Beratung - astrominddesign\",\"isPartOf\":{\"@id\":\"https:\\\/\\\/www.astrominddesign.at\\\/#website\"},\"primaryImageOfPage\":{\"@id\":\"https:\\\/\\\/www.astrominddesign.at\\\/?product=astrologische-beratung-2#primaryimage\"},\"image\":{\"@id\":\"https:\\\/\\\/www.astrominddesign.at\\\/?product=astrologische-beratung-2#primaryimage\"},\"thumbnailUrl\":\"https:\\\/\\\/www.astrominddesign.at\\\/wp-content\\\/uploads\\\/2021\\\/05\\\/Astrologische-Beratung.png\",\"datePublished\":\"2021-05-14T11:47:54+00:00\",\"dateModified\":\"2026-04-11T07:32:35+00:00\",\"breadcrumb\":{\"@id\":\"https:\\\/\\\/www.astrominddesign.at\\\/?product=astrologische-beratung-2#breadcrumb\"},\"inLanguage\":\"de\",\"potentialAction\":[{\"@type\":\"ReadAction\",\"target\":[\"https:\\\/\\\/www.astrominddesign.at\\\/?product=astrologische-beratung-2\"]}]},{\"@type\":\"ImageObject\",\"inLanguage\":\"de\",\"@id\":\"https:\\\/\\\/www.astrominddesign.at\\\/?product=astrologische-beratung-2#primaryimage\",\"url\":\"https:\\\/\\\/www.astrominddesign.at\\\/wp-content\\\/uploads\\\/2021\\\/05\\\/Astrologische-Beratung.png\",\"contentUrl\":\"https:\\\/\\\/www.astrominddesign.at\\\/wp-content\\\/uploads\\\/2021\\\/05\\\/Astrologische-Beratung.png\",\"width\":672,\"height\":672},{\"@type\":\"BreadcrumbList\",\"@id\":\"https:\\\/\\\/www.astrominddesign.at\\\/?product=astrologische-beratung-2#breadcrumb\",\"itemListElement\":[{\"@type\":\"ListItem\",\"position\":1,\"name\":\"Startseite\",\"item\":\"https:\\\/\\\/www.astrominddesign.at\\\/\"},{\"@type\":\"ListItem\",\"position\":2,\"name\":\"Astrologische Beratung\"}]},{\"@type\":\"WebSite\",\"@id\":\"https:\\\/\\\/www.astrominddesign.at\\\/#website\",\"url\":\"https:\\\/\\\/www.astrominddesign.at\\\/\",\"name\":\"astrominddesign\",\"description\":\"Astrologische Beratung, Resilienz- und Bewusstheitstraining\",\"potentialAction\":[{\"@type\":\"SearchAction\",\"target\":{\"@type\":\"EntryPoint\",\"urlTemplate\":\"https:\\\/\\\/www.astrominddesign.at\\\/?s={search_term_string}\"},\"query-input\":{\"@type\":\"PropertyValueSpecification\",\"valueRequired\":true,\"valueName\":\"search_term_string\"}}],\"inLanguage\":\"de\"}]}<\/script>\n<!-- \/ Yoast SEO plugin. -->","yoast_head_json":{"title":"Astrologische Beratung - astrominddesign","robots":{"index":"index","follow":"follow","max-snippet":"max-snippet:-1","max-image-preview":"max-image-preview:large","max-video-preview":"max-video-preview:-1"},"canonical":"https:\/\/www.astrominddesign.at\/?product=astrologische-beratung-2","og_locale":"de_DE","og_type":"article","og_title":"Astrologische Beratung - astrominddesign","og_description":"In deinem Geburtshoroskop sind deine St\u00e4rken, Talente und Charaktereigenschaften angelegt. Meine Aufgabe als Astrologin sehe ich darin, dich zu einer Selbsterkenntnis zu f\u00fchren, um deine Lebensziele gem\u00e4\u00df deiner Anlagen formulieren zu k\u00f6nnen. Dauer: 1h","og_url":"https:\/\/www.astrominddesign.at\/?product=astrologische-beratung-2","og_site_name":"astrominddesign","article_modified_time":"2026-04-11T07:32:35+00:00","og_image":[{"width":672,"height":672,"url":"https:\/\/www.astrominddesign.at\/wp-content\/uploads\/2021\/05\/Astrologische-Beratung.png","type":"image\/png"}],"twitter_card":"summary_large_image","twitter_misc":{"Gesch\u00e4tzte Lesezeit":"1\u00a0Minute"},"schema":{"@context":"https:\/\/schema.org","@graph":[{"@type":"WebPage","@id":"https:\/\/www.astrominddesign.at\/?product=astrologische-beratung-2","url":"https:\/\/www.astrominddesign.at\/?product=astrologische-beratung-2","name":"Astrologische Beratung - astrominddesign","isPartOf":{"@id":"https:\/\/www.astrominddesign.at\/#website"},"primaryImageOfPage":{"@id":"https:\/\/www.astrominddesign.at\/?product=astrologische-beratung-2#primaryimage"},"image":{"@id":"https:\/\/www.astrominddesign.at\/?product=astrologische-beratung-2#primaryimage"},"thumbnailUrl":"https:\/\/www.astrominddesign.at\/wp-content\/uploads\/2021\/05\/Astrologische-Beratung.png","datePublished":"2021-05-14T11:47:54+00:00","dateModified":"2026-04-11T07:32:35+00:00","breadcrumb":{"@id":"https:\/\/www.astrominddesign.at\/?product=astrologische-beratung-2#breadcrumb"},"inLanguage":"de","potentialAction":[{"@type":"ReadAction","target":["https:\/\/www.astrominddesign.at\/?product=astrologische-beratung-2"]}]},{"@type":"ImageObject","inLanguage":"de","@id":"https:\/\/www.astrominddesign.at\/?product=astrologische-beratung-2#primaryimage","url":"https:\/\/www.astrominddesign.at\/wp-content\/uploads\/2021\/05\/Astrologische-Beratung.png","contentUrl":"https:\/\/www.astrominddesign.at\/wp-content\/uploads\/2021\/05\/Astrologische-Beratung.png","width":672,"height":672},{"@type":"BreadcrumbList","@id":"https:\/\/www.astrominddesign.at\/?product=astrologische-beratung-2#breadcrumb","itemListElement":[{"@type":"ListItem","position":1,"name":"Startseite","item":"https:\/\/www.astrominddesign.at\/"},{"@type":"ListItem","position":2,"name":"Astrologische Beratung"}]},{"@type":"WebSite","@id":"https:\/\/www.astrominddesign.at\/#website","url":"https:\/\/www.astrominddesign.at\/","name":"astrominddesign","description":"Astrologische Beratung, Resilienz- und Bewusstheitstraining","potentialAction":[{"@type":"SearchAction","target":{"@type":"EntryPoint","urlTemplate":"https:\/\/www.astrominddesign.at\/?s={search_term_string}"},"query-input":{"@type":"PropertyValueSpecification","valueRequired":true,"valueName":"search_term_string"}}],"inLanguage":"de"}]}},"_links":{"self":[{"href":"https:\/\/www.astrominddesign.at\/index.php?rest_route=\/wp\/v2\/product\/421","targetHints":{"allow":["GET"]}}],"collection":[{"href":"https:\/\/www.astrominddesign.at\/index.php?rest_route=\/wp\/v2\/product"}],"about":[{"href":"https:\/\/www.astrominddesign.at\/index.php?rest_route=\/wp\/v2\/types\/product"}],"wp:featuredmedia":[{"embeddable":true,"href":"https:\/\/www.astrominddesign.at\/index.php?rest_route=\/wp\/v2\/media\/893"}],"wp:attachment":[{"href":"https:\/\/www.astrominddesign.at\/index.php?rest_route=%2Fwp%2Fv2%2Fmedia&parent=421"}],"wp:term":[{"taxonomy":"product_brand","embeddable":true,"href":"https:\/\/www.astrominddesign.at\/index.php?rest_route=%2Fwp%2Fv2%2Fproduct_brand&post=421"},{"taxonomy":"product_cat","embeddable":true,"href":"https:\/\/www.astrominddesign.at\/index.php?rest_route=%2Fwp%2Fv2%2Fproduct_cat&post=421"},{"taxonomy":"product_tag","embeddable":true,"href":"https:\/\/www.astrominddesign.at\/index.php?rest_route=%2Fwp%2Fv2%2Fproduct_tag&post=421"}],"curies":[{"name":"wp","href":"https:\/\/api.w.org\/{rel}","templated":true}]}}