{"id":864,"date":"2022-03-31T06:46:28","date_gmt":"2022-03-31T06:46:28","guid":{"rendered":"https:\/\/astrominddesign.at\/?post_type=product&#038;p=864"},"modified":"2026-04-11T07:25:13","modified_gmt":"2026-04-11T07:25:13","slug":"gutschein","status":"publish","type":"product","link":"https:\/\/www.astrominddesign.at\/?product=gutschein","title":{"rendered":"Gutschein f\u00fcr eine astrologische Online-Beratung"},"content":{"rendered":"<p>Mit diesem Gutschein erwirbst du eine astrologische Beratung f\u00fcr ein Geburtshoroskop deiner Wahl.<\/p>\n<p>In deinem Geburtshoroskop sind deine St\u00e4rken, Talente und Charaktereigenschaften angelegt. Meine Aufgabe als Astrologin sehe ich darin, dich zu einer Selbsterkenntnis zu f\u00fchren, um deine Lebensziele gem\u00e4\u00df deiner Anlagen formulieren zu k\u00f6nnen.<\/p>\n<p>Dauer: 1h<\/p>\n","protected":false},"excerpt":{"rendered":"<p>Mit diesem Gutschein erwirbst du eine astrologische Beratung f\u00fcr ein Geburtshoroskop deiner Wahl. In deinem Geburtshoroskop sind deine St\u00e4rken, Talente und Charaktereigenschaften angelegt. Meine Aufgabe als Astrologin sehe ich darin, dich zu einer Selbsterkenntnis zu f\u00fchren, um deine Lebensziele gem\u00e4\u00df deiner Anlagen formulieren zu k\u00f6nnen. Dauer: 1h<\/p>\n","protected":false},"featured_media":867,"template":"","meta":[],"product_brand":[],"product_cat":[43],"product_tag":[],"class_list":{"0":"post-864","1":"product","2":"type-product","3":"status-publish","4":"has-post-thumbnail","6":"product_cat-gutscheine","8":"first","9":"instock","10":"downloadable","11":"purchasable","12":"product-type-simple"},"yoast_head":"<!-- This site is optimized with the Yoast SEO plugin v27.4 - https:\/\/yoast.com\/product\/yoast-seo-wordpress\/ -->\n<title>Gutschein f\u00fcr eine astrologische Online-Beratung - astrominddesign<\/title>\n<meta name=\"robots\" content=\"index, follow, max-snippet:-1, max-image-preview:large, max-video-preview:-1\" \/>\n<link rel=\"canonical\" href=\"https:\/\/www.astrominddesign.at\/?product=gutschein\" \/>\n<meta property=\"og:locale\" content=\"de_DE\" \/>\n<meta property=\"og:type\" content=\"article\" \/>\n<meta property=\"og:title\" content=\"Gutschein f\u00fcr eine astrologische Online-Beratung - astrominddesign\" \/>\n<meta property=\"og:description\" content=\"Mit diesem Gutschein erwirbst du eine astrologische Beratung f\u00fcr ein Geburtshoroskop deiner Wahl. In deinem Geburtshoroskop sind deine St\u00e4rken, Talente und Charaktereigenschaften angelegt. Meine Aufgabe als Astrologin sehe ich darin, dich zu einer Selbsterkenntnis zu f\u00fchren, um deine Lebensziele gem\u00e4\u00df deiner Anlagen formulieren zu k\u00f6nnen. Dauer: 1h\" \/>\n<meta property=\"og:url\" content=\"https:\/\/www.astrominddesign.at\/?product=gutschein\" \/>\n<meta property=\"og:site_name\" content=\"astrominddesign\" \/>\n<meta property=\"article:modified_time\" content=\"2026-04-11T07:25:13+00:00\" \/>\n<meta property=\"og:image\" content=\"https:\/\/www.astrominddesign.at\/wp-content\/uploads\/2022\/03\/1-e1655197622980.png\" \/>\n\t<meta property=\"og:image:width\" content=\"1200\" \/>\n\t<meta property=\"og:image:height\" content=\"800\" \/>\n\t<meta property=\"og:image:type\" content=\"image\/png\" \/>\n<meta name=\"twitter:card\" content=\"summary_large_image\" \/>\n<meta name=\"twitter:label1\" content=\"Gesch\u00e4tzte Lesezeit\" \/>\n\t<meta name=\"twitter:data1\" content=\"1\u00a0Minute\" \/>\n<script type=\"application\/ld+json\" class=\"yoast-schema-graph\">{\"@context\":\"https:\\\/\\\/schema.org\",\"@graph\":[{\"@type\":\"WebPage\",\"@id\":\"https:\\\/\\\/www.astrominddesign.at\\\/?product=gutschein\",\"url\":\"https:\\\/\\\/www.astrominddesign.at\\\/?product=gutschein\",\"name\":\"Gutschein f\u00fcr eine astrologische Online-Beratung - astrominddesign\",\"isPartOf\":{\"@id\":\"https:\\\/\\\/www.astrominddesign.at\\\/#website\"},\"primaryImageOfPage\":{\"@id\":\"https:\\\/\\\/www.astrominddesign.at\\\/?product=gutschein#primaryimage\"},\"image\":{\"@id\":\"https:\\\/\\\/www.astrominddesign.at\\\/?product=gutschein#primaryimage\"},\"thumbnailUrl\":\"https:\\\/\\\/www.astrominddesign.at\\\/wp-content\\\/uploads\\\/2022\\\/03\\\/1-e1655197622980.png\",\"datePublished\":\"2022-03-31T06:46:28+00:00\",\"dateModified\":\"2026-04-11T07:25:13+00:00\",\"breadcrumb\":{\"@id\":\"https:\\\/\\\/www.astrominddesign.at\\\/?product=gutschein#breadcrumb\"},\"inLanguage\":\"de\",\"potentialAction\":[{\"@type\":\"ReadAction\",\"target\":[\"https:\\\/\\\/www.astrominddesign.at\\\/?product=gutschein\"]}]},{\"@type\":\"ImageObject\",\"inLanguage\":\"de\",\"@id\":\"https:\\\/\\\/www.astrominddesign.at\\\/?product=gutschein#primaryimage\",\"url\":\"https:\\\/\\\/www.astrominddesign.at\\\/wp-content\\\/uploads\\\/2022\\\/03\\\/1-e1655197622980.png\",\"contentUrl\":\"https:\\\/\\\/www.astrominddesign.at\\\/wp-content\\\/uploads\\\/2022\\\/03\\\/1-e1655197622980.png\",\"width\":1200,\"height\":800},{\"@type\":\"BreadcrumbList\",\"@id\":\"https:\\\/\\\/www.astrominddesign.at\\\/?product=gutschein#breadcrumb\",\"itemListElement\":[{\"@type\":\"ListItem\",\"position\":1,\"name\":\"Startseite\",\"item\":\"https:\\\/\\\/www.astrominddesign.at\\\/\"},{\"@type\":\"ListItem\",\"position\":2,\"name\":\"Gutschein f\u00fcr eine astrologische Online-Beratung\"}]},{\"@type\":\"WebSite\",\"@id\":\"https:\\\/\\\/www.astrominddesign.at\\\/#website\",\"url\":\"https:\\\/\\\/www.astrominddesign.at\\\/\",\"name\":\"astrominddesign\",\"description\":\"Astrologische Beratung, Resilienz- und Bewusstheitstraining\",\"potentialAction\":[{\"@type\":\"SearchAction\",\"target\":{\"@type\":\"EntryPoint\",\"urlTemplate\":\"https:\\\/\\\/www.astrominddesign.at\\\/?s={search_term_string}\"},\"query-input\":{\"@type\":\"PropertyValueSpecification\",\"valueRequired\":true,\"valueName\":\"search_term_string\"}}],\"inLanguage\":\"de\"}]}<\/script>\n<!-- \/ Yoast SEO plugin. -->","yoast_head_json":{"title":"Gutschein f\u00fcr eine astrologische Online-Beratung - astrominddesign","robots":{"index":"index","follow":"follow","max-snippet":"max-snippet:-1","max-image-preview":"max-image-preview:large","max-video-preview":"max-video-preview:-1"},"canonical":"https:\/\/www.astrominddesign.at\/?product=gutschein","og_locale":"de_DE","og_type":"article","og_title":"Gutschein f\u00fcr eine astrologische Online-Beratung - astrominddesign","og_description":"Mit diesem Gutschein erwirbst du eine astrologische Beratung f\u00fcr ein Geburtshoroskop deiner Wahl. In deinem Geburtshoroskop sind deine St\u00e4rken, Talente und Charaktereigenschaften angelegt. Meine Aufgabe als Astrologin sehe ich darin, dich zu einer Selbsterkenntnis zu f\u00fchren, um deine Lebensziele gem\u00e4\u00df deiner Anlagen formulieren zu k\u00f6nnen. Dauer: 1h","og_url":"https:\/\/www.astrominddesign.at\/?product=gutschein","og_site_name":"astrominddesign","article_modified_time":"2026-04-11T07:25:13+00:00","og_image":[{"width":1200,"height":800,"url":"https:\/\/www.astrominddesign.at\/wp-content\/uploads\/2022\/03\/1-e1655197622980.png","type":"image\/png"}],"twitter_card":"summary_large_image","twitter_misc":{"Gesch\u00e4tzte Lesezeit":"1\u00a0Minute"},"schema":{"@context":"https:\/\/schema.org","@graph":[{"@type":"WebPage","@id":"https:\/\/www.astrominddesign.at\/?product=gutschein","url":"https:\/\/www.astrominddesign.at\/?product=gutschein","name":"Gutschein f\u00fcr eine astrologische Online-Beratung - astrominddesign","isPartOf":{"@id":"https:\/\/www.astrominddesign.at\/#website"},"primaryImageOfPage":{"@id":"https:\/\/www.astrominddesign.at\/?product=gutschein#primaryimage"},"image":{"@id":"https:\/\/www.astrominddesign.at\/?product=gutschein#primaryimage"},"thumbnailUrl":"https:\/\/www.astrominddesign.at\/wp-content\/uploads\/2022\/03\/1-e1655197622980.png","datePublished":"2022-03-31T06:46:28+00:00","dateModified":"2026-04-11T07:25:13+00:00","breadcrumb":{"@id":"https:\/\/www.astrominddesign.at\/?product=gutschein#breadcrumb"},"inLanguage":"de","potentialAction":[{"@type":"ReadAction","target":["https:\/\/www.astrominddesign.at\/?product=gutschein"]}]},{"@type":"ImageObject","inLanguage":"de","@id":"https:\/\/www.astrominddesign.at\/?product=gutschein#primaryimage","url":"https:\/\/www.astrominddesign.at\/wp-content\/uploads\/2022\/03\/1-e1655197622980.png","contentUrl":"https:\/\/www.astrominddesign.at\/wp-content\/uploads\/2022\/03\/1-e1655197622980.png","width":1200,"height":800},{"@type":"BreadcrumbList","@id":"https:\/\/www.astrominddesign.at\/?product=gutschein#breadcrumb","itemListElement":[{"@type":"ListItem","position":1,"name":"Startseite","item":"https:\/\/www.astrominddesign.at\/"},{"@type":"ListItem","position":2,"name":"Gutschein f\u00fcr eine astrologische Online-Beratung"}]},{"@type":"WebSite","@id":"https:\/\/www.astrominddesign.at\/#website","url":"https:\/\/www.astrominddesign.at\/","name":"astrominddesign","description":"Astrologische Beratung, Resilienz- und Bewusstheitstraining","potentialAction":[{"@type":"SearchAction","target":{"@type":"EntryPoint","urlTemplate":"https:\/\/www.astrominddesign.at\/?s={search_term_string}"},"query-input":{"@type":"PropertyValueSpecification","valueRequired":true,"valueName":"search_term_string"}}],"inLanguage":"de"}]}},"_links":{"self":[{"href":"https:\/\/www.astrominddesign.at\/index.php?rest_route=\/wp\/v2\/product\/864","targetHints":{"allow":["GET"]}}],"collection":[{"href":"https:\/\/www.astrominddesign.at\/index.php?rest_route=\/wp\/v2\/product"}],"about":[{"href":"https:\/\/www.astrominddesign.at\/index.php?rest_route=\/wp\/v2\/types\/product"}],"wp:featuredmedia":[{"embeddable":true,"href":"https:\/\/www.astrominddesign.at\/index.php?rest_route=\/wp\/v2\/media\/867"}],"wp:attachment":[{"href":"https:\/\/www.astrominddesign.at\/index.php?rest_route=%2Fwp%2Fv2%2Fmedia&parent=864"}],"wp:term":[{"taxonomy":"product_brand","embeddable":true,"href":"https:\/\/www.astrominddesign.at\/index.php?rest_route=%2Fwp%2Fv2%2Fproduct_brand&post=864"},{"taxonomy":"product_cat","embeddable":true,"href":"https:\/\/www.astrominddesign.at\/index.php?rest_route=%2Fwp%2Fv2%2Fproduct_cat&post=864"},{"taxonomy":"product_tag","embeddable":true,"href":"https:\/\/www.astrominddesign.at\/index.php?rest_route=%2Fwp%2Fv2%2Fproduct_tag&post=864"}],"curies":[{"name":"wp","href":"https:\/\/api.w.org\/{rel}","templated":true}]}}